{"id":48,"date":"2020-02-17T21:40:54","date_gmt":"2020-02-17T21:40:54","guid":{"rendered":"http:\/\/advancedhome.net\/?page_id=48"},"modified":"2022-05-09T17:59:29","modified_gmt":"2022-05-09T17:59:29","slug":"sobre-nosotros","status":"publish","type":"page","link":"https:\/\/advancedhome.net\/fr\/sobre-nosotros\/","title":{"rendered":"Sobre nosotros"},"content":{"rendered":"<p>[vc_row][vc_column][vc_empty_space]<h1 \r\n\t        \t\t\t\tclass=\"section_title h1 animated   None\" \r\n\t        \t\t\t\tdata-delay=\"0.2s\"\r\n\t        \t\t\t\tstyle=\"color: #333333;\r\n\t\t\t\t\t\t\ttext-align: left;\r\n\t\t\t\t\t\t\tfont-weight: 300;\r\n\t\t\t\t\t\t\t\"\r\n\r\n\t        \t\t\t\t>\u00c0 propos de nous<\/h1>[\/vc_column][\/vc_row][vc_row full_width=\u00a0\u00bbstretch_row\u00a0\u00bb content_placement=\u00a0\u00bbmiddle\u00a0\u00bb][vc_column width=\u00a0\u00bb1\/2&Prime;][vc_empty_space el_class=\u00a0\u00bbhidden-l\u00a0\u00bb]<div \r\n\t        \t\t\t\tclass=\"section_title  animated None\" \r\n\t        \t\t\t\tdata-delay=\"0.2s\"\r\n\t        \t\t\t\t>\r\n                        <div \r\n                        \tstyle=\"color: #333333;\r\n\t\t\t\t\t\t\tfont-size: 15px;\r\n\t\t\t\t\t\t\ttext-align: left;\r\n\t\t\t\t\t\t\tline-height: 26px;\r\n\t\t\t\t\t\t\tfont-weight: 400;\r\n\t\t\t\t\t\t\t\"\r\n                        ><p>Nous sommes une entreprise fi\u00e8rement mexicaine, avec plus de 20 ans dans le secteur de l\u2019\u00e9lectronique. Lloyd\u2019s est aussi l\u2019une des plus importantes compagnies dans le domaine des \u00e9quipements de s\u00e9curit\u00e9 de notre pays.<\/p>\n<\/div><\/div>[\/vc_column][vc_column width=\u00a0\u00bb1\/2&Prime;][vc_single_image image=\u00a0\u00bb53&Prime; img_size=\u00a0\u00bbmedium\u00a0\u00bb alignment=\u00a0\u00bbcenter\u00a0\u00bb][\/vc_column][\/vc_row][vc_row full_width=\u00a0\u00bbstretch_row\u00a0\u00bb content_placement=\u00a0\u00bbmiddle\u00a0\u00bb css=\u00a0\u00bb.vc_custom_1581972562619{background-color: #009cde !important;}\u00a0\u00bb][vc_column width=\u00a0\u00bb1\/4&Prime; offset=\u00a0\u00bbvc_hidden-sm vc_hidden-xs\u00a0\u00bb][vc_single_image image=\u00a0\u00bb64&Prime; img_size=\u00a0\u00bbfull\u00a0\u00bb alignment=\u00a0\u00bbright\u00a0\u00bb el_class=\u00a0\u00bbversion-video-row\u00a0\u00bb][\/vc_column][vc_column width=\u00a0\u00bb3\/4&Prime; offset=\u00a0\u00bbvc_hidden-sm vc_hidden-xs\u00a0\u00bb]<h3 \r\n\t        \t\t\t\tclass=\"section_title h3 animated   None\" \r\n\t        \t\t\t\tdata-delay=\"0.2s\"\r\n\t        \t\t\t\tstyle=\"color: #ffffff;\r\n\t\t\t\t\t\t\ttext-align: center;\r\n\t\t\t\t\t\t\tfont-weight: 300;\r\n\t\t\t\t\t\t\t\"\r\n\r\n\t        \t\t\t\t><\/p>\n<p class=\"section_title h3 animated None\" data-delay=\"0.2s\">Vous \u00eates \u00e0 un pas de rendre\u00a0<strong>votre maison intelligente<\/strong><\/p>\n<p><\/h3>[vc_empty_space][\/vc_column][\/vc_row][vc_row full_width=\u00a0\u00bbstretch_row\u00a0\u00bb content_placement=\u00a0\u00bbmiddle\u00a0\u00bb css=\u00a0\u00bb.vc_custom_1581972562619{background-color: #009cde !important;}\u00a0\u00bb][vc_column width=\u00a0\u00bb1\/4&Prime; offset=\u00a0\u00bbvc_hidden-lg vc_hidden-md vc_col-xs-4&Prime;][vc_single_image image=\u00a0\u00bb61&Prime; img_size=\u00a0\u00bbfull\u00a0\u00bb alignment=\u00a0\u00bbright\u00a0\u00bb el_class=\u00a0\u00bbversion-video-row\u00a0\u00bb][\/vc_column][vc_column width=\u00a0\u00bb3\/4&Prime; offset=\u00a0\u00bbvc_hidden-lg vc_hidden-md vc_col-xs-8&Prime;]<h3 \r\n\t        \t\t\t\tclass=\"section_title h3 animated   None\" \r\n\t        \t\t\t\tdata-delay=\"0.2s\"\r\n\t        \t\t\t\tstyle=\"color: #ffffff;\r\n\t\t\t\t\t\t\ttext-align: left;\r\n\t\t\t\t\t\t\tfont-weight: 300;\r\n\t\t\t\t\t\t\t\"\r\n\r\n\t        \t\t\t\t>Est\u00e1s a un paso de hacer <strong>tu casa inteligente<\/strong><\/h3>[vc_empty_space][\/vc_column][\/vc_row]<\/p>","protected":false},"excerpt":{"rendered":"<p>[vc_row][vc_column][vc_empty_space][\/vc_column][\/vc_row][vc_row full_width=\u00a0\u00bbstretch_row\u00a0\u00bb content_placement=\u00a0\u00bbmiddle\u00a0\u00bb][vc_column width=\u00a0\u00bb1\/2&Prime;][vc_empty_space el_class=\u00a0\u00bbhidden-l\u00a0\u00bb][\/vc_column][vc_column width=\u00a0\u00bb1\/2&Prime;][vc_single_image image=\u00a0\u00bb53&Prime; img_size=\u00a0\u00bbmedium\u00a0\u00bb alignment=\u00a0\u00bbcenter\u00a0\u00bb][\/vc_column][\/vc_row][vc_row full_width=\u00a0\u00bbstretch_row\u00a0\u00bb content_placement=\u00a0\u00bbmiddle\u00a0\u00bb css=\u00a0\u00bb.vc_custom_1581972562619{background-color: #009cde !important;}\u00a0\u00bb][vc_column width=\u00a0\u00bb1\/4&Prime; offset=\u00a0\u00bbvc_hidden-sm vc_hidden-xs\u00a0\u00bb][vc_single_image image=\u00a0\u00bb64&Prime; img_size=\u00a0\u00bbfull\u00a0\u00bb alignment=\u00a0\u00bbright\u00a0\u00bb el_class=\u00a0\u00bbversion-video-row\u00a0\u00bb][\/vc_column][vc_column width=\u00a0\u00bb3\/4&Prime; offset=\u00a0\u00bbvc_hidden-sm vc_hidden-xs\u00a0\u00bb][vc_empty_space][\/vc_column][\/vc_row][vc_row full_width=\u00a0\u00bbstretch_row\u00a0\u00bb content_placement=\u00a0\u00bbmiddle\u00a0\u00bb css=\u00a0\u00bb.vc_custom_1581972562619{background-color: #009cde !important;}\u00a0\u00bb][vc_column width=\u00a0\u00bb1\/4&Prime; offset=\u00a0\u00bbvc_hidden-lg vc_hidden-md vc_col-xs-4&Prime;][vc_single_image image=\u00a0\u00bb61&Prime; img_size=\u00a0\u00bbfull\u00a0\u00bb alignment=\u00a0\u00bbright\u00a0\u00bb el_class=\u00a0\u00bbversion-video-row\u00a0\u00bb][\/vc_column][vc_column width=\u00a0\u00bb3\/4&Prime; offset=\u00a0\u00bbvc_hidden-lg vc_hidden-md vc_col-xs-8&Prime;][vc_empty_space][\/vc_column][\/vc_row]<\/p>\n","protected":false},"author":1,"featured_media":0,"parent":0,"menu_order":0,"comment_status":"closed","ping_status":"closed","template":"template-home.php","meta":{"footnotes":""},"_links":{"self":[{"href":"https:\/\/advancedhome.net\/fr\/wp-json\/wp\/v2\/pages\/48"}],"collection":[{"href":"https:\/\/advancedhome.net\/fr\/wp-json\/wp\/v2\/pages"}],"about":[{"href":"https:\/\/advancedhome.net\/fr\/wp-json\/wp\/v2\/types\/page"}],"author":[{"embeddable":true,"href":"https:\/\/advancedhome.net\/fr\/wp-json\/wp\/v2\/users\/1"}],"replies":[{"embeddable":true,"href":"https:\/\/advancedhome.net\/fr\/wp-json\/wp\/v2\/comments?post=48"}],"version-history":[{"count":90,"href":"https:\/\/advancedhome.net\/fr\/wp-json\/wp\/v2\/pages\/48\/revisions"}],"predecessor-version":[{"id":2940,"href":"https:\/\/advancedhome.net\/fr\/wp-json\/wp\/v2\/pages\/48\/revisions\/2940"}],"wp:attachment":[{"href":"https:\/\/advancedhome.net\/fr\/wp-json\/wp\/v2\/media?parent=48"}],"curies":[{"name":"wp","href":"https:\/\/api.w.org\/{rel}","templated":true}]}}