{"id":3205,"date":"2023-07-10T19:58:39","date_gmt":"2023-07-10T19:58:39","guid":{"rendered":"https:\/\/advancedhome.net\/?page_id=3205"},"modified":"2023-07-10T20:04:18","modified_gmt":"2023-07-10T20:04:18","slug":"portalampara-inteligente-lc-1362","status":"publish","type":"page","link":"https:\/\/advancedhome.net\/fr\/portalampara-inteligente-lc-1362\/","title":{"rendered":"Alarma inteligente-duplicate-1"},"content":{"rendered":"<p><\/p>\n<p>[vc_row full_width=\u00a0\u00bbstretch_row_content\u00a0\u00bb][vc_column]<h1 \r\n\t        \t\t\t\tclass=\"section_title h1 animated   None\" \r\n\t        \t\t\t\tdata-delay=\"0.2s\"\r\n\t        \t\t\t\tstyle=\"color: #333333;\r\n\t\t\t\t\t\t\ttext-align: center;\r\n\t\t\t\t\t\t\tfont-weight: 500;\r\n\t\t\t\t\t\t\t\"\r\n\r\n\t        \t\t\t\t><\/p>\n<p style=\"text-align: center;\">Sistema de alarma inteligente inal\u00e1mbrica<\/p>\n<p><\/h1><h2 \r\n\t        \t\t\t\tclass=\"section_title h2 animated   None\" \r\n\t        \t\t\t\tdata-delay=\"0.2s\"\r\n\t        \t\t\t\tstyle=\"color: #109add;\r\n\t\t\t\t\t\t\ttext-align: center;\r\n\t\t\t\t\t\t\tfont-weight: 300;\r\n\t\t\t\t\t\t\t\"\r\n\r\n\t        \t\t\t\t><\/p>\n<p style=\"text-align: center;\">LA-543A<\/p>\n<p><\/h2><h3 \r\n\t        \t\t\t\tclass=\"section_title h3 animated   None\" \r\n\t        \t\t\t\tdata-delay=\"0.2s\"\r\n\t        \t\t\t\tstyle=\"color: #333333;\r\n\t\t\t\t\t\t\ttext-align: center;\r\n\t\t\t\t\t\t\tfont-weight: 400;\r\n\t\t\t\t\t\t\t\"\r\n\r\n\t        \t\t\t\t><\/p>\n<p style=\"text-align: center;\">\u00a1Est\u00e1s a un paso de hacer <strong>tu casa inteligente!<\/strong><\/p>\n<p><\/h3>[vc_row_inner equal_height=\u00a0\u00bbyes\u00a0\u00bb][vc_column_inner][vc_single_image image=\u00a0\u00bb1774&Prime; img_size=\u00a0\u00bbfull\u00a0\u00bb alignment=\u00a0\u00bbcenter\u00a0\u00bb][\/vc_column_inner][\/vc_row_inner][\/vc_column][\/vc_row][vc_row full_width=\u00a0\u00bbstretch_row_content\u00a0\u00bb][vc_column][vc_row_inner css=\u00a0\u00bb.vc_custom_1633542274226{background-color: #000000 !important;}\u00a0\u00bb][vc_column_inner]<h1 \r\n\t        \t\t\t\tclass=\"section_title h1 animated   None\" \r\n\t        \t\t\t\tdata-delay=\"0.2s\"\r\n\t        \t\t\t\tstyle=\"color: #ffffff;\r\n\t\t\t\t\t\t\ttext-align: center;\r\n\t\t\t\t\t\t\tfont-weight: 500;\r\n\t\t\t\t\t\t\t\"\r\n\r\n\t        \t\t\t\t><\/p>\n<p style=\"text-align: center;\">Mant\u00e9n tu hogar siempre protegido<\/p>\n<p><\/h1><h2 \r\n\t        \t\t\t\tclass=\"section_title h2 animated   None\" \r\n\t        \t\t\t\tdata-delay=\"0.2s\"\r\n\t        \t\t\t\tstyle=\"color: #109add;\r\n\t\t\t\t\t\t\ttext-align: center;\r\n\t\t\t\t\t\t\tfont-weight: 300;\r\n\t\t\t\t\t\t\t\"\r\n\r\n\t        \t\t\t\t><\/p>\n<p style=\"text-align: center;\">Gracias a su bater\u00eda de respaldo, a\u00fan con cortes de energ\u00eda el\u00e9ctrica<\/p>\n<p style=\"text-align: center;\">se seguir\u00e1 detonando la alarma<\/p>\n<p><\/h2>[\/vc_column_inner][\/vc_row_inner][vc_single_image image=\u00a0\u00bb1770&Prime; img_size=\u00a0\u00bbfull\u00a0\u00bb alignment=\u00a0\u00bbcenter\u00a0\u00bb][\/vc_column][\/vc_row][vc_row full_width=\u00a0\u00bbstretch_row\u00a0\u00bb css=\u00a0\u00bb.vc_custom_1633535016815{background-color: #000000 !important;}\u00a0\u00bb][vc_column]<div \r\n\t        \t\t\t\tclass=\"section_title  animated None\" \r\n\t        \t\t\t\tdata-delay=\"0.2s\"\r\n\t        \t\t\t\t>\r\n                        <div \r\n                        \tstyle=\"color: #ffffff;\r\n\t\t\t\t\t\t\tfont-size: 35px;\r\n\t\t\t\t\t\t\ttext-align: center;\r\n\t\t\t\t\t\t\tline-height: 35px;\r\n\t\t\t\t\t\t\tfont-weight: 400;\r\n\t\t\t\t\t\t\t\"\r\n                        ><p>Caracter\u00edsticas<\/p>\n<\/div><\/div>[vc_row_inner][vc_column_inner width=\u00a0\u00bb1\/6&Prime;][\/vc_column_inner][vc_column_inner width=\u00a0\u00bb1\/3&Prime;][vc_progress_bar values=\u00a0\u00bb%5B%7B%22label%22%3A%22Ideal%20para%20Hogar%2C%20oficina%2C%20almac%C3%A9n%20o%20negocio%22%2C%22value%22%3A%22100%22%7D%2C%7B%22label%22%3A%22Arma%20y%20desarma%20con%20comandos%20de%20voz%20por%20medio%20de%20contrase%C3%B1a%22%2C%22value%22%3A%22100%22%7D%2C%7B%22label%22%3A%22Recibe%20notificaciones%20desde%20la%20App%22%2C%22value%22%3A%22100%22%7D%2C%7B%22label%22%3A%22Multiusuario%22%2C%22value%22%3A%22100%22%7D%2C%7B%22label%22%3A%22Notificaciones%20por%20bater%C3%ADa%20baja%22%2C%22value%22%3A%22100%22%7D%5D\u00a0\u00bb bgcolor=\u00a0\u00bbcustom\u00a0\u00bb css_animation=\u00a0\u00bbfadeIn\u00a0\u00bb custombgcolor=\u00a0\u00bb#009ade\u00a0\u00bb customtxtcolor=\u00a0\u00bb#ffffff\u00a0\u00bb][\/vc_column_inner][vc_column_inner width=\u00a0\u00bb1\/3&Prime;][vc_progress_bar values=\u00a0\u00bb%5B%7B%22label%22%3A%223%20opciones%20de%20activaci%C3%B3n%3A%20Control%20remoto%2C%20App%20o%20Comandos%20de%20voz%22%2C%22value%22%3A%22100%22%7D%2C%7B%22label%22%3A%22Soporta%20hasta%2024%20sensores%20y%2010%20controles%22%2C%22value%22%3A%22100%22%7D%2C%7B%22label%22%3A%22Sirena%20de%20100%20dB%22%2C%22value%22%3A%22100%22%7D%2C%7B%22label%22%3A%22Bater%C3%ADa%20de%20respaldo%22%2C%22value%22%3A%22100%22%7D%2C%7B%22label%22%3A%22Bot%C3%B3n%20de%20p%C3%A1nico%20para%20detonar%20la%20alarma%22%2C%22value%22%3A%22100%22%7D%5D\u00a0\u00bb bgcolor=\u00a0\u00bbcustom\u00a0\u00bb css_animation=\u00a0\u00bbfadeIn\u00a0\u00bb custombgcolor=\u00a0\u00bb#009ade\u00a0\u00bb customtxtcolor=\u00a0\u00bb#ffffff\u00a0\u00bb][\/vc_column_inner][vc_column_inner width=\u00a0\u00bb1\/6&Prime;][\/vc_column_inner][\/vc_row_inner][\/vc_column][\/vc_row][vc_row content_placement=\u00a0\u00bbmiddle\u00a0\u00bb][vc_column][vc_images_carousel images=\u00a0\u00bb1776,1777,1778,1779,1780&Prime; img_size=\u00a0\u00bbfull\u00a0\u00bb autoplay=\u00a0\u00bbyes\u00a0\u00bb css=\u00a0\u00bb.vc_custom_1633542125728{margin-left: 200px !important;}\u00a0\u00bb][\/vc_column][\/vc_row][vc_row full_width=\u00a0\u00bbstretch_row\u00a0\u00bb][vc_column parallax=\u00a0\u00bbcontent-moving\u00a0\u00bb]<div \r\n\t        \t\t\t\tclass=\"section_title  animated None\" \r\n\t        \t\t\t\tdata-delay=\"0.2s\"\r\n\t        \t\t\t\t>\r\n                        <div \r\n                        \tstyle=\"color: #333333;\r\n\t\t\t\t\t\t\tfont-size: 35px;\r\n\t\t\t\t\t\t\ttext-align: center;\r\n\t\t\t\t\t\t\tline-height: 35px;\r\n\t\t\t\t\t\t\tfont-weight: 400;\r\n\t\t\t\t\t\t\t\"\r\n                        ><p>\u00bfNecesitas ayuda para la configuraci\u00f3n?<\/p>\n<\/div><\/div>[vc_empty_space][vc_tta_tour style=\u00a0\u00bbmodern\u00a0\u00bb active_section=\u00a0\u00bb1&Prime;][vc_tta_section i_icon_fontawesome=\u00a0\u00bbfa fa-download\u00a0\u00bb add_icon=\u00a0\u00bbtrue\u00a0\u00bb title=\u00a0\u00bbManual\u00a0\u00bb tab_id=\u00a0\u00bb1583781997523-07ea5bbe-b367&Prime;][vc_single_image image=\u00a0\u00bb1768&Prime; img_size=\u00a0\u00bbmedium\u00a0\u00bb alignment=\u00a0\u00bbcenter\u00a0\u00bb style=\u00a0\u00bbvc_box_rounded\u00a0\u00bb]<div style=\"text-align: center\"><a\r\n\t        \t\t\t\thref=\"https:\/\/advancedhome.net\/wp-content\/uploads\/2021\/10\/Manual-LA-543A.pdf\"\r\n\t        \t\t\t\tclass=\"home_btn default-btn animated  hvr-shutter-out-horizontal None\"\r\n\t        \t\t\t\tdata-delay=\"0s\"\r\n\t        \t\t\t\t>Descargar PDF <i class=\"false\"><\/i><\/a><\/div>[\/vc_tta_section][vc_tta_section i_icon_fontawesome=\u00a0\u00bbfa fa-video-camera\u00a0\u00bb add_icon=\u00a0\u00bbtrue\u00a0\u00bb title=\u00a0\u00bbVideo\u00a0\u00bb tab_id=\u00a0\u00bb1633541453956-8d81a236-59d1&Prime;][vc_video link=\u00a0\u00bbhttps:\/\/youtu.be\/KlH3Zp4MyM0&Prime; align=\u00a0\u00bbcenter\u00a0\u00bb][\/vc_tta_section][\/vc_tta_tour][\/vc_column][\/vc_row][vc_row][vc_column]<h1 \r\n\t        \t\t\t\tclass=\"section_title h1 animated   None\" \r\n\t        \t\t\t\tdata-delay=\"0.2s\"\r\n\t        \t\t\t\tstyle=\"color: #009ade;\r\n\t\t\t\t\t\t\ttext-align: center;\r\n\t\t\t\t\t\t\tfont-weight: 500;\r\n\t\t\t\t\t\t\t\"\r\n\r\n\t        \t\t\t\t><\/p>\n<p style=\"text-align: center;\">Descarga la App<\/p>\n<p><\/h1>[vc_row_inner][vc_column_inner width=\u00a0\u00bb1\/2&Prime;][vc_single_image image=\u00a0\u00bb1760&Prime; img_size=\u00a0\u00bbfull\u00a0\u00bb alignment=\u00a0\u00bbcenter\u00a0\u00bb onclick=\u00a0\u00bbcustom_link\u00a0\u00bb img_link_target=\u00a0\u00bb_blank\u00a0\u00bb link=\u00a0\u00bbhttps:\/\/play.google.com\/store\/apps\/details?id=com.tuya.smart&#038;hl=es_MX\u00a0\u00bb][\/vc_column_inner][vc_column_inner width=\u00a0\u00bb1\/2&Prime;][vc_single_image image=\u00a0\u00bb1759&Prime; img_size=\u00a0\u00bbfull\u00a0\u00bb alignment=\u00a0\u00bbcenter\u00a0\u00bb onclick=\u00a0\u00bbcustom_link\u00a0\u00bb img_link_target=\u00a0\u00bb_blank\u00a0\u00bb link=\u00a0\u00bbhttps:\/\/apps.apple.com\/co\/app\/tuya-smart\/id1034649547&Prime;][\/vc_column_inner][\/vc_row_inner][\/vc_column][\/vc_row][vc_row full_width=\u00a0\u00bbstretch_row\u00a0\u00bb content_placement=\u00a0\u00bbmiddle\u00a0\u00bb css=\u00a0\u00bb.vc_custom_1581972562619{background-color: #009cde !important;}\u00a0\u00bb][vc_column width=\u00a0\u00bb1\/4&Prime; offset=\u00a0\u00bbvc_hidden-sm vc_hidden-xs\u00a0\u00bb][vc_single_image image=\u00a0\u00bb64&Prime; img_size=\u00a0\u00bbfull\u00a0\u00bb alignment=\u00a0\u00bbright\u00a0\u00bb el_class=\u00a0\u00bbversion-video-row\u00a0\u00bb][\/vc_column][vc_column width=\u00a0\u00bb3\/4&Prime; offset=\u00a0\u00bbvc_hidden-sm vc_hidden-xs\u00a0\u00bb]<h3 \r\n\t        \t\t\t\tclass=\"section_title h3 animated   None\" \r\n\t        \t\t\t\tdata-delay=\"0.2s\"\r\n\t        \t\t\t\tstyle=\"color: #ffffff;\r\n\t\t\t\t\t\t\ttext-align: center;\r\n\t\t\t\t\t\t\tfont-weight: 300;\r\n\t\t\t\t\t\t\t\"\r\n\r\n\t        \t\t\t\t>Est\u00e1s a un paso de hacer <strong>tu casa inteligente<\/strong><\/h3>[vc_empty_space][\/vc_column][\/vc_row][vc_row full_width=\u00a0\u00bbstretch_row\u00a0\u00bb content_placement=\u00a0\u00bbmiddle\u00a0\u00bb css=\u00a0\u00bb.vc_custom_1581972562619{background-color: #009cde !important;}\u00a0\u00bb][vc_column width=\u00a0\u00bb1\/4&Prime; offset=\u00a0\u00bbvc_hidden-lg vc_hidden-md vc_col-xs-4&Prime;][vc_single_image image=\u00a0\u00bb61&Prime; img_size=\u00a0\u00bbfull\u00a0\u00bb alignment=\u00a0\u00bbright\u00a0\u00bb el_class=\u00a0\u00bbversion-video-row\u00a0\u00bb][\/vc_column][vc_column width=\u00a0\u00bb3\/4&Prime; offset=\u00a0\u00bbvc_hidden-lg vc_hidden-md vc_col-xs-8&Prime;]<h3 \r\n\t        \t\t\t\tclass=\"section_title h3 animated   None\" \r\n\t        \t\t\t\tdata-delay=\"0.2s\"\r\n\t        \t\t\t\tstyle=\"color: #ffffff;\r\n\t\t\t\t\t\t\ttext-align: left;\r\n\t\t\t\t\t\t\tfont-weight: 300;\r\n\t\t\t\t\t\t\t\"\r\n\r\n\t        \t\t\t\t>Est\u00e1s a un paso de hacer <strong>tu casa inteligente<\/strong><\/h3>[vc_empty_space][\/vc_column][\/vc_row]<\/p>\n<p><\/p>","protected":false},"excerpt":{"rendered":"<p>[vc_row full_width=\u00a0\u00bbstretch_row_content\u00a0\u00bb][vc_column][vc_row_inner equal_height=\u00a0\u00bbyes\u00a0\u00bb][vc_column_inner][vc_single_image image=\u00a0\u00bb1774&Prime; img_size=\u00a0\u00bbfull\u00a0\u00bb alignment=\u00a0\u00bbcenter\u00a0\u00bb][\/vc_column_inner][\/vc_row_inner][\/vc_column][\/vc_row][vc_row full_width=\u00a0\u00bbstretch_row_content\u00a0\u00bb][vc_column][vc_row_inner css=\u00a0\u00bb.vc_custom_1633542274226{background-color: #000000 !important;}\u00a0\u00bb][vc_column_inner][\/vc_column_inner][\/vc_row_inner][vc_single_image image=\u00a0\u00bb1770&Prime; img_size=\u00a0\u00bbfull\u00a0\u00bb alignment=\u00a0\u00bbcenter\u00a0\u00bb][\/vc_column][\/vc_row][vc_row full_width=\u00a0\u00bbstretch_row\u00a0\u00bb css=\u00a0\u00bb.vc_custom_1633535016815{background-color: #000000 !important;}\u00a0\u00bb][vc_column][vc_row_inner][vc_column_inner width=\u00a0\u00bb1\/6&Prime;][\/vc_column_inner][vc_column_inner width=\u00a0\u00bb1\/3&Prime;][vc_progress_bar values=\u00a0\u00bb%5B%7B%22label%22%3A%22Ideal%20para%20Hogar%2C%20oficina%2C%20almac%C3%A9n%20o%20negocio%22%2C%22value%22%3A%22100%22%7D%2C%7B%22label%22%3A%22Arma%20y%20desarma%20con%20comandos%20de%20voz%20por%20medio%20de%20contrase%C3%B1a%22%2C%22value%22%3A%22100%22%7D%2C%7B%22label%22%3A%22Recibe%20notificaciones%20desde%20la%20App%22%2C%22value%22%3A%22100%22%7D%2C%7B%22label%22%3A%22Multiusuario%22%2C%22value%22%3A%22100%22%7D%2C%7B%22label%22%3A%22Notificaciones%20por%20bater%C3%ADa%20baja%22%2C%22value%22%3A%22100%22%7D%5D\u00a0\u00bb bgcolor=\u00a0\u00bbcustom\u00a0\u00bb css_animation=\u00a0\u00bbfadeIn\u00a0\u00bb custombgcolor=\u00a0\u00bb#009ade\u00a0\u00bb customtxtcolor=\u00a0\u00bb#ffffff\u00a0\u00bb][\/vc_column_inner][vc_column_inner width=\u00a0\u00bb1\/3&Prime;][vc_progress_bar values=\u00a0\u00bb%5B%7B%22label%22%3A%223%20opciones%20de%20activaci%C3%B3n%3A%20Control%20remoto%2C%20App%20o%20Comandos%20de%20voz%22%2C%22value%22%3A%22100%22%7D%2C%7B%22label%22%3A%22Soporta%20hasta%2024%20sensores%20y%2010%20controles%22%2C%22value%22%3A%22100%22%7D%2C%7B%22label%22%3A%22Sirena%20de%20100%20dB%22%2C%22value%22%3A%22100%22%7D%2C%7B%22label%22%3A%22Bater%C3%ADa%20de%20respaldo%22%2C%22value%22%3A%22100%22%7D%2C%7B%22label%22%3A%22Bot%C3%B3n%20de%20p%C3%A1nico%20para%20detonar%20la%20alarma%22%2C%22value%22%3A%22100%22%7D%5D\u00a0\u00bb bgcolor=\u00a0\u00bbcustom\u00a0\u00bb css_animation=\u00a0\u00bbfadeIn\u00a0\u00bb custombgcolor=\u00a0\u00bb#009ade\u00a0\u00bb customtxtcolor=\u00a0\u00bb#ffffff\u00a0\u00bb][\/vc_column_inner][vc_column_inner width=\u00a0\u00bb1\/6&Prime;][\/vc_column_inner][\/vc_row_inner][\/vc_column][\/vc_row][vc_row content_placement=\u00a0\u00bbmiddle\u00a0\u00bb][vc_column][vc_images_carousel images=\u00a0\u00bb1776,1777,1778,1779,1780&Prime; img_size=\u00a0\u00bbfull\u00a0\u00bb autoplay=\u00a0\u00bbyes\u00a0\u00bb css=\u00a0\u00bb.vc_custom_1633542125728{margin-left: 200px !important;}\u00a0\u00bb][\/vc_column][\/vc_row][vc_row full_width=\u00a0\u00bbstretch_row\u00a0\u00bb][vc_column parallax=\u00a0\u00bbcontent-moving\u00a0\u00bb][vc_empty_space][vc_tta_tour style=\u00a0\u00bbmodern\u00a0\u00bb active_section=\u00a0\u00bb1&Prime;][vc_tta_section i_icon_fontawesome=\u00a0\u00bbfa fa-download\u00a0\u00bb add_icon=\u00a0\u00bbtrue\u00a0\u00bb title=\u00a0\u00bbManual\u00a0\u00bb tab_id=\u00a0\u00bb1583781997523-07ea5bbe-b367&Prime;][vc_single_image image=\u00a0\u00bb1768&Prime; img_size=\u00a0\u00bbmedium\u00a0\u00bb alignment=\u00a0\u00bbcenter\u00a0\u00bb style=\u00a0\u00bbvc_box_rounded\u00a0\u00bb][\/vc_tta_section][vc_tta_section i_icon_fontawesome=\u00a0\u00bbfa fa-video-camera\u00a0\u00bb add_icon=\u00a0\u00bbtrue\u00a0\u00bb title=\u00a0\u00bbVideo\u00a0\u00bb [&hellip;]<\/p>\n","protected":false},"author":1,"featured_media":0,"parent":0,"menu_order":0,"comment_status":"closed","ping_status":"closed","template":"template-home.php","meta":{"footnotes":""},"_links":{"self":[{"href":"https:\/\/advancedhome.net\/fr\/wp-json\/wp\/v2\/pages\/3205"}],"collection":[{"href":"https:\/\/advancedhome.net\/fr\/wp-json\/wp\/v2\/pages"}],"about":[{"href":"https:\/\/advancedhome.net\/fr\/wp-json\/wp\/v2\/types\/page"}],"author":[{"embeddable":true,"href":"https:\/\/advancedhome.net\/fr\/wp-json\/wp\/v2\/users\/1"}],"replies":[{"embeddable":true,"href":"https:\/\/advancedhome.net\/fr\/wp-json\/wp\/v2\/comments?post=3205"}],"version-history":[{"count":8,"href":"https:\/\/advancedhome.net\/fr\/wp-json\/wp\/v2\/pages\/3205\/revisions"}],"predecessor-version":[{"id":3222,"href":"https:\/\/advancedhome.net\/fr\/wp-json\/wp\/v2\/pages\/3205\/revisions\/3222"}],"wp:attachment":[{"href":"https:\/\/advancedhome.net\/fr\/wp-json\/wp\/v2\/media?parent=3205"}],"curies":[{"name":"wp","href":"https:\/\/api.w.org\/{rel}","templated":true}]}}