{"id":1336,"date":"2021-02-10T21:16:36","date_gmt":"2021-02-10T21:16:36","guid":{"rendered":"https:\/\/advancedhome.net\/?page_id=1336"},"modified":"2022-03-23T22:19:52","modified_gmt":"2022-03-23T22:19:52","slug":"interruptor-inteligente-lc-1268","status":"publish","type":"page","link":"https:\/\/advancedhome.net\/fr\/interruptor-inteligente-lc-1268\/","title":{"rendered":"Interruptor inteligente"},"content":{"rendered":"<p>[\/vc_column_text][\/vc_column][\/vc_row][vc_row full_width=\u00a0\u00bbstretch_row_content\u00a0\u00bb full_height=\u00a0\u00bbyes\u00a0\u00bb css=\u00a0\u00bb.vc_custom_1614109815601{background-image: url(https:\/\/advancedhome.net\/wp-content\/uploads\/2021\/02\/Cabecera_1267-1.jpg?id=1346) !important;background-position: center !important;background-repeat: no-repeat !important;background-size: contain !important;}\u00a0\u00bb][vc_column width=\u00a0\u00bb1\/2&Prime;][\/vc_column][vc_column width=\u00a0\u00bb1\/2&Prime;]<h1 \r\n\t        \t\t\t\tclass=\"section_title h1 animated   None\" \r\n\t        \t\t\t\tdata-delay=\"0.2s\"\r\n\t        \t\t\t\tstyle=\"color: #333333;\r\n\t\t\t\t\t\t\ttext-align: center;\r\n\t\t\t\t\t\t\tfont-weight: 500;\r\n\t\t\t\t\t\t\t\"\r\n\r\n\t        \t\t\t\t><\/p>\n<h1><strong><span style=\"color: #ffffff;\">Interruptor <span style=\"color: #019cde;\">inteligente<\/span><\/span><\/strong><\/h1>\n<p><\/h1>[vc_empty_space height=\u00a0\u00bb30px\u00a0\u00bb]<h1 \r\n\t        \t\t\t\tclass=\"section_title h1 animated   None\" \r\n\t        \t\t\t\tdata-delay=\"0.2s\"\r\n\t        \t\t\t\tstyle=\"color: #333333;\r\n\t\t\t\t\t\t\ttext-align: center;\r\n\t\t\t\t\t\t\tfont-weight: 500;\r\n\t\t\t\t\t\t\t\"\r\n\r\n\t        \t\t\t\t><\/p>\n<h3><span style=\"color: #ffffff;\">Est\u00e1s a un paso de hacer<\/span><\/h3>\n<h3><span style=\"color: #ffffff;\">tu casa inteligente<\/span><\/h3>\n<p><\/h1>[\/vc_column][\/vc_row][vc_row full_width=\u00a0\u00bbstretch_row\u00a0\u00bb css=\u00a0\u00bb.vc_custom_1612902016008{margin-top: 50px !important;background-color: #000000 !important;}\u00a0\u00bb][vc_column]<h1 \r\n\t        \t\t\t\tclass=\"section_title h1 animated   None\" \r\n\t        \t\t\t\tdata-delay=\"0.2s\"\r\n\t        \t\t\t\tstyle=\"color: #333333;\r\n\t\t\t\t\t\t\ttext-align: center;\r\n\t\t\t\t\t\t\tfont-weight: 500;\r\n\t\t\t\t\t\t\t\"\r\n\r\n\t        \t\t\t\t><\/p>\n<h2 style=\"text-align: center;\"><span style=\"color: #ffffff;\"><span style=\"color: #ffffff;\">Tu hogar tu decides<\/span><\/span><\/h2>\n<h3 class=\"p1\" style=\"text-align: center;\"><span style=\"color: #ffffff;\">Programa horarios de encendido o apagado desde la App. Por ejemplo, puedes decidir que las luces de tu casa se enciendan al anochecer y se apaguen al amanecer<\/span><\/h3>\n<p><\/h1>[\/vc_column][\/vc_row][vc_row full_width=\u00a0\u00bbstretch_row\u00a0\u00bb full_height=\u00a0\u00bbyes\u00a0\u00bb css=\u00a0\u00bb.vc_custom_1612901701713{background-image: url(https:\/\/advancedhome.net\/wp-content\/uploads\/2021\/02\/Feature-1_LC-1203.jpg?id=1231) !important;background-position: center !important;background-repeat: no-repeat !important;background-size: cover !important;}\u00a0\u00bb][vc_column][\/vc_column][\/vc_row][vc_row full_width=\u00a0\u00bbstretch_row\u00a0\u00bb full_height=\u00a0\u00bbyes\u00a0\u00bb css=\u00a0\u00bb.vc_custom_1612993707736{margin-top: 50px !important;background-image: url(https:\/\/advancedhome.net\/wp-content\/uploads\/2021\/02\/Feature-2_LC-1203-1.jpg?id=1347) !important;background-position: center !important;background-repeat: no-repeat !important;background-size: cover !important;}\u00a0\u00bb][vc_column width=\u00a0\u00bb1\/2&Prime;][vc_empty_space height=\u00a0\u00bb130px\u00a0\u00bb]<h1 \r\n\t        \t\t\t\tclass=\"section_title h1 animated   None\" \r\n\t        \t\t\t\tdata-delay=\"0.2s\"\r\n\t        \t\t\t\tstyle=\"color: #333333;\r\n\t\t\t\t\t\t\ttext-align: center;\r\n\t\t\t\t\t\t\tfont-weight: 500;\r\n\t\t\t\t\t\t\t\"\r\n\r\n\t        \t\t\t\t><\/p>\n<h1><span style=\"color: #000000;\">Dise\u00f1o para tu hogar<\/span><\/h1>\n<p><\/h1>[vc_empty_space height=\u00a0\u00bb10px\u00a0\u00bb]<div \r\n\t        \t\t\t\tclass=\"section_title  animated None\" \r\n\t        \t\t\t\tdata-delay=\"0.2s\"\r\n\t        \t\t\t\t>\r\n                        <div \r\n                        \tstyle=\"color: #000000;\r\n\t\t\t\t\t\t\tfont-size: 25px;\r\n\t\t\t\t\t\t\ttext-align: left;\r\n\t\t\t\t\t\t\tline-height: 26px;\r\n\t\t\t\t\t\t\tfont-weight: 400;\r\n\t\t\t\t\t\t\t\"\r\n                        ><p>Cuenta con acabados en vidrio templado y<br \/>\nbotones touch con LED indicador que le dan<br \/>\nun toque de modernidad a tu hogar<\/p>\n<\/div><\/div>[\/vc_column][vc_column width=\u00a0\u00bb1\/2&Prime;][\/vc_column][\/vc_row][vc_row full_width=\u00a0\u00bbstretch_row_content\u00a0\u00bb full_height=\u00a0\u00bbyes\u00a0\u00bb css=\u00a0\u00bb.vc_custom_1612991644967{margin-top: 50px !important;background-image: url(https:\/\/advancedhome.net\/wp-content\/uploads\/2021\/02\/Feature-3_LC-1203.jpg?id=1272) !important;background-position: center !important;background-repeat: no-repeat !important;background-size: cover !important;}\u00a0\u00bb][vc_column width=\u00a0\u00bb1\/2&Prime;][\/vc_column][vc_column width=\u00a0\u00bb1\/2&Prime; css=\u00a0\u00bb.vc_custom_1612903502643{margin-left: 50px !important;}\u00a0\u00bb]<h1 \r\n\t        \t\t\t\tclass=\"section_title h1 animated   None\" \r\n\t        \t\t\t\tdata-delay=\"0.2s\"\r\n\t        \t\t\t\tstyle=\"color: #333333;\r\n\t\t\t\t\t\t\ttext-align: center;\r\n\t\t\t\t\t\t\tfont-weight: 500;\r\n\t\t\t\t\t\t\t\"\r\n\r\n\t        \t\t\t\t><\/p>\n<h1 class=\"p1\" style=\"text-align: center;\"><span style=\"color: #ffffff;\">Crea rutinas que <\/span><span style=\"color: #ffffff;\">se ejecutan autom\u00e1ticamente<\/span><\/h1>\n<p><\/h1>[vc_empty_space height=\u00a0\u00bb10px\u00a0\u00bb]<div \r\n\t        \t\t\t\tclass=\"section_title  animated None\" \r\n\t        \t\t\t\tdata-delay=\"0.2s\"\r\n\t        \t\t\t\t>\r\n                        <div \r\n                        \tstyle=\"color: #ffffff;\r\n\t\t\t\t\t\t\tfont-size: 25px;\r\n\t\t\t\t\t\t\ttext-align: center;\r\n\t\t\t\t\t\t\tline-height: 26px;\r\n\t\t\t\t\t\t\tfont-weight: 400;\r\n\t\t\t\t\t\t\t\"\r\n                        ><p>Automatiza tu hogar creando<br \/>\ngrupos de interruptores y<br \/>\nhaz m\u00e1s f\u00e1cil tu d\u00eda a d\u00eda<\/p>\n<p>Programa diferentes rutinas y personal\u00edzalas<br \/>\nde acuerdo a tus necesidades<\/p>\n<\/div><\/div>[\/vc_column][\/vc_row][vc_row full_width=\u00a0\u00bbstretch_row\u00a0\u00bb css=\u00a0\u00bb.vc_custom_1612902016008{margin-top: 50px !important;background-color: #000000 !important;}\u00a0\u00bb][vc_column]<h1 \r\n\t        \t\t\t\tclass=\"section_title h1 animated   None\" \r\n\t        \t\t\t\tdata-delay=\"0.2s\"\r\n\t        \t\t\t\tstyle=\"color: #333333;\r\n\t\t\t\t\t\t\ttext-align: center;\r\n\t\t\t\t\t\t\tfont-weight: 500;\r\n\t\t\t\t\t\t\t\"\r\n\r\n\t        \t\t\t\t><\/p>\n<h2 style=\"text-align: center;\"><span style=\"color: #ffffff;\"><span style=\"color: #ffffff;\">Alta compatibilidad<\/span><\/span><\/h2>\n<h3 class=\"p1\" style=\"text-align: center;\"><span style=\"color: #ffffff;\">Controla los apagadores de manera individual o grupalmente desde tu Smartphone o por comandos de voz con los asistentes de Google o Alexa<\/span><\/h3>\n<p><\/h1>[\/vc_column][\/vc_row][vc_row full_width=\u00a0\u00bbstretch_row\u00a0\u00bb full_height=\u00a0\u00bbyes\u00a0\u00bb css=\u00a0\u00bb.vc_custom_1612903741282{background-image: url(https:\/\/advancedhome.net\/wp-content\/uploads\/2021\/02\/Feature-4_LC-1203.jpg?id=1285) !important;background-position: center !important;background-repeat: no-repeat !important;background-size: cover !important;}\u00a0\u00bb][vc_column][\/vc_column][\/vc_row][vc_row full_width=\u00a0\u00bbstretch_row\u00a0\u00bb full_height=\u00a0\u00bbyes\u00a0\u00bb css=\u00a0\u00bb.vc_custom_1612909598160{background-position: center !important;background-repeat: no-repeat !important;background-size: cover !important;}\u00a0\u00bb][vc_column width=\u00a0\u00bb1\/4&Prime;][\/vc_column][vc_column width=\u00a0\u00bb1\/2&Prime;][vc_gallery interval=\u00a0\u00bb3&Prime; images=\u00a0\u00bb1338,1339,1340,1341,1342,1343,1344&Prime; img_size=\u00a0\u00bb500&#215;500&Prime;][\/vc_column][vc_column width=\u00a0\u00bb1\/4&Prime;][\/vc_column][\/vc_row][vc_row full_width=\u00a0\u00bbstretch_row\u00a0\u00bb css=\u00a0\u00bb.vc_custom_1612911018903{background-position: center !important;background-repeat: no-repeat !important;background-size: cover !important;}\u00a0\u00bb][vc_column][vc_separator color=\u00a0\u00bbblack\u00a0\u00bb border_width=\u00a0\u00bb5&Prime;]<h1 \r\n\t        \t\t\t\tclass=\"section_title h1 animated   None\" \r\n\t        \t\t\t\tdata-delay=\"0.2s\"\r\n\t        \t\t\t\tstyle=\"color: #333333;\r\n\t\t\t\t\t\t\ttext-align: center;\r\n\t\t\t\t\t\t\tfont-weight: 500;\r\n\t\t\t\t\t\t\t\"\r\n\r\n\t        \t\t\t\t><\/p>\n<h1 style=\"text-align: center;\">Caracter\u00edsticas<\/h1>\n<p><\/h1>[\/vc_column][vc_column width=\u00a0\u00bb1\/6&Prime;][vc_single_image image=\u00a0\u00bb1323&Prime; img_size=\u00a0\u00bbfull\u00a0\u00bb alignment=\u00a0\u00bbcenter\u00a0\u00bb][\/vc_column][vc_column width=\u00a0\u00bb2\/6&Prime;]<div \r\n\t        \t\t\t\tclass=\"single_feature wow None\" \r\n\t        \t\t\t\tdata-wow-delay=\"0.2s\"\r\n\t        \t\t\t\tdata-wow-duration=\"1s\"\r\n\t        \t\t\t>\r\n                        <div class=\"sf_inner\">\r\n                            <h4>No requiere HUB<\/h4>\r\n                            \r\n                        <\/div>\r\n                    <\/div><div \r\n\t        \t\t\t\tclass=\"single_feature wow None\" \r\n\t        \t\t\t\tdata-wow-delay=\"0.2s\"\r\n\t        \t\t\t\tdata-wow-duration=\"1s\"\r\n\t        \t\t\t>\r\n                        <div class=\"sf_inner\">\r\n                            <h4>F\u00e1cil de configurar<\/h4>\r\n                            \r\n                        <\/div>\r\n                    <\/div><div \r\n\t        \t\t\t\tclass=\"single_feature wow None\" \r\n\t        \t\t\t\tdata-wow-delay=\"0.2s\"\r\n\t        \t\t\t\tdata-wow-duration=\"1s\"\r\n\t        \t\t\t>\r\n                        <div class=\"sf_inner\">\r\n                            <h4>M\u00faltiples usuarios<\/h4>\r\n                            \r\n                        <\/div>\r\n                    <\/div><div \r\n\t        \t\t\t\tclass=\"single_feature wow None\" \r\n\t        \t\t\t\tdata-wow-delay=\"0.2s\"\r\n\t        \t\t\t\tdata-wow-duration=\"1s\"\r\n\t        \t\t\t>\r\n                        <div class=\"sf_inner\">\r\n                            <h4>Crea grupos de interruptores<\/h4>\r\n                            \r\n                        <\/div>\r\n                    <\/div>[\/vc_column][vc_column width=\u00a0\u00bb2\/6&Prime;]<div \r\n\t        \t\t\t\tclass=\"single_feature wow None\" \r\n\t        \t\t\t\tdata-wow-delay=\"0.2s\"\r\n\t        \t\t\t\tdata-wow-duration=\"1s\"\r\n\t        \t\t\t>\r\n                        <div class=\"sf_inner\">\r\n                            <h4>Controla individual o grupalmente los apagadores<\/h4>\r\n                            \r\n                        <\/div>\r\n                    <\/div><div \r\n\t        \t\t\t\tclass=\"single_feature wow None\" \r\n\t        \t\t\t\tdata-wow-delay=\"0.2s\"\r\n\t        \t\t\t\tdata-wow-duration=\"1s\"\r\n\t        \t\t\t>\r\n                        <div class=\"sf_inner\">\r\n                            <h4>Programa horarios de encendido y apagado<\/h4>\r\n                            \r\n                        <\/div>\r\n                    <\/div><div \r\n\t        \t\t\t\tclass=\"single_feature wow None\" \r\n\t        \t\t\t\tdata-wow-delay=\"0.2s\"\r\n\t        \t\t\t\tdata-wow-duration=\"1s\"\r\n\t        \t\t\t>\r\n                        <div class=\"sf_inner\">\r\n                            <h4>Acabado de vidrio templado<\/h4>\r\n                            \r\n                        <\/div>\r\n                    <\/div><div \r\n\t        \t\t\t\tclass=\"single_feature wow None\" \r\n\t        \t\t\t\tdata-wow-delay=\"0.2s\"\r\n\t        \t\t\t\tdata-wow-duration=\"1s\"\r\n\t        \t\t\t>\r\n                        <div class=\"sf_inner\">\r\n                            <h4>Botones touch con LED indicador de encendido<\/h4>\r\n                            \r\n                        <\/div>\r\n                    <\/div>[\/vc_column][vc_column width=\u00a0\u00bb1\/6&Prime;][\/vc_column][vc_column][vc_separator color=\u00a0\u00bbblack\u00a0\u00bb border_width=\u00a0\u00bb5&Prime;][\/vc_column][\/vc_row][vc_row full_width=\u00a0\u00bbstretch_row\u00a0\u00bb][vc_column parallax=\u00a0\u00bbcontent-moving\u00a0\u00bb]<div \r\n\t        \t\t\t\tclass=\"section_title  animated None\" \r\n\t        \t\t\t\tdata-delay=\"0.2s\"\r\n\t        \t\t\t\t>\r\n                        <div \r\n                        \tstyle=\"color: #333333;\r\n\t\t\t\t\t\t\tfont-size: 35px;\r\n\t\t\t\t\t\t\ttext-align: center;\r\n\t\t\t\t\t\t\tline-height: 35px;\r\n\t\t\t\t\t\t\tfont-weight: 400;\r\n\t\t\t\t\t\t\t\"\r\n                        ><p>\u00bfNecesitas ayuda para la configuraci\u00f3n?<\/p>\n<\/div><\/div>[vc_empty_space][vc_tta_tour style=\u00a0\u00bbmodern\u00a0\u00bb active_section=\u00a0\u00bb1&Prime;][vc_tta_section i_icon_fontawesome=\u00a0\u00bbfa fa-film\u00a0\u00bb add_icon=\u00a0\u00bbtrue\u00a0\u00bb title=\u00a0\u00bbVer tutorial\u00a0\u00bb tab_id=\u00a0\u00bb1583781997491-4ff81749-4fc50e08-6414&Prime;][vc_video link=\u00a0\u00bbhttps:\/\/youtu.be\/un84xG8Bxfg\u00a0\u00bb][\/vc_tta_section][vc_tta_section i_icon_fontawesome=\u00a0\u00bbfa fa-download\u00a0\u00bb add_icon=\u00a0\u00bbtrue\u00a0\u00bb title=\u00a0\u00bbManual\u00a0\u00bb tab_id=\u00a0\u00bb1583781997523-07ea5bbe-b3670e08-6414&Prime;][vc_single_image image=\u00a0\u00bb1349&Prime; img_size=\u00a0\u00bbmedium\u00a0\u00bb alignment=\u00a0\u00bbcenter\u00a0\u00bb style=\u00a0\u00bbvc_box_rounded\u00a0\u00bb]<div style=\"text-align: center\"><a\r\n\t        \t\t\t\thref=\"https:\/\/advancedhome.net\/wp-content\/uploads\/2021\/02\/Manual-LC-1268.pdf\"\r\n\t        \t\t\t\tclass=\"home_btn default-btn animated  hvr-shutter-out-horizontal None\"\r\n\t        \t\t\t\tdata-delay=\"0s\"\r\n\t        \t\t\t\t>Descargar PDF <i class=\"false\"><\/i><\/a><\/div>[\/vc_tta_section][\/vc_tta_tour][\/vc_column][\/vc_row][vc_row full_width=\u00a0\u00bbstretch_row\u00a0\u00bb content_placement=\u00a0\u00bbmiddle\u00a0\u00bb css=\u00a0\u00bb.vc_custom_1581972562619{background-color: #009cde !important;}\u00a0\u00bb][vc_column width=\u00a0\u00bb1\/4&Prime; offset=\u00a0\u00bbvc_hidden-sm vc_hidden-xs\u00a0\u00bb][vc_single_image image=\u00a0\u00bb64&Prime; img_size=\u00a0\u00bbfull\u00a0\u00bb alignment=\u00a0\u00bbright\u00a0\u00bb el_class=\u00a0\u00bbversion-video-row\u00a0\u00bb][\/vc_column][vc_column width=\u00a0\u00bb3\/4&Prime; offset=\u00a0\u00bbvc_hidden-sm vc_hidden-xs\u00a0\u00bb]<h3 \r\n\t        \t\t\t\tclass=\"section_title h3 animated   None\" \r\n\t        \t\t\t\tdata-delay=\"0.2s\"\r\n\t        \t\t\t\tstyle=\"color: #ffffff;\r\n\t\t\t\t\t\t\ttext-align: center;\r\n\t\t\t\t\t\t\tfont-weight: 300;\r\n\t\t\t\t\t\t\t\"\r\n\r\n\t        \t\t\t\t>Est\u00e1s a un paso de hacer <strong>tu casa inteligente<\/strong><\/h3>[vc_empty_space][\/vc_column][\/vc_row][vc_row full_width=\u00a0\u00bbstretch_row\u00a0\u00bb content_placement=\u00a0\u00bbmiddle\u00a0\u00bb css=\u00a0\u00bb.vc_custom_1581972562619{background-color: #009cde !important;}\u00a0\u00bb][vc_column width=\u00a0\u00bb1\/4&Prime; offset=\u00a0\u00bbvc_hidden-lg vc_hidden-md vc_col-xs-4&Prime;][vc_single_image image=\u00a0\u00bb61&Prime; img_size=\u00a0\u00bbfull\u00a0\u00bb alignment=\u00a0\u00bbright\u00a0\u00bb el_class=\u00a0\u00bbversion-video-row\u00a0\u00bb][\/vc_column][vc_column width=\u00a0\u00bb3\/4&Prime; offset=\u00a0\u00bbvc_hidden-lg vc_hidden-md vc_col-xs-8&Prime;]<h3 \r\n\t        \t\t\t\tclass=\"section_title h3 animated   None\" \r\n\t        \t\t\t\tdata-delay=\"0.2s\"\r\n\t        \t\t\t\tstyle=\"color: #ffffff;\r\n\t\t\t\t\t\t\ttext-align: left;\r\n\t\t\t\t\t\t\tfont-weight: 300;\r\n\t\t\t\t\t\t\t\"\r\n\r\n\t        \t\t\t\t>Est\u00e1s a un paso de hacer <strong>tu casa inteligente<\/strong><\/h3>[vc_empty_space][\/vc_column][\/vc_row]<\/p>","protected":false},"excerpt":{"rendered":"<p>[\/vc_column_text][\/vc_column][\/vc_row][vc_row full_width=\u00a0\u00bbstretch_row_content\u00a0\u00bb full_height=\u00a0\u00bbyes\u00a0\u00bb css=\u00a0\u00bb.vc_custom_1614109815601{background-image: url(https:\/\/advancedhome.net\/wp-content\/uploads\/2021\/02\/Cabecera_1267-1.jpg?id=1346) !important;background-position: center !important;background-repeat: no-repeat !important;background-size: contain !important;}\u00a0\u00bb][vc_column width=\u00a0\u00bb1\/2&Prime;][\/vc_column][vc_column width=\u00a0\u00bb1\/2&Prime;][vc_empty_space height=\u00a0\u00bb30px\u00a0\u00bb][\/vc_column][\/vc_row][vc_row full_width=\u00a0\u00bbstretch_row\u00a0\u00bb css=\u00a0\u00bb.vc_custom_1612902016008{margin-top: 50px !important;background-color: #000000 !important;}\u00a0\u00bb][vc_column][\/vc_column][\/vc_row][vc_row full_width=\u00a0\u00bbstretch_row\u00a0\u00bb full_height=\u00a0\u00bbyes\u00a0\u00bb css=\u00a0\u00bb.vc_custom_1612901701713{background-image: url(https:\/\/advancedhome.net\/wp-content\/uploads\/2021\/02\/Feature-1_LC-1203.jpg?id=1231) !important;background-position: center !important;background-repeat: no-repeat !important;background-size: cover !important;}\u00a0\u00bb][vc_column][\/vc_column][\/vc_row][vc_row full_width=\u00a0\u00bbstretch_row\u00a0\u00bb full_height=\u00a0\u00bbyes\u00a0\u00bb css=\u00a0\u00bb.vc_custom_1612993707736{margin-top: 50px !important;background-image: url(https:\/\/advancedhome.net\/wp-content\/uploads\/2021\/02\/Feature-2_LC-1203-1.jpg?id=1347) !important;background-position: center !important;background-repeat: no-repeat !important;background-size: cover !important;}\u00a0\u00bb][vc_column width=\u00a0\u00bb1\/2&Prime;][vc_empty_space height=\u00a0\u00bb130px\u00a0\u00bb][vc_empty_space height=\u00a0\u00bb10px\u00a0\u00bb][\/vc_column][vc_column width=\u00a0\u00bb1\/2&Prime;][\/vc_column][\/vc_row][vc_row full_width=\u00a0\u00bbstretch_row_content\u00a0\u00bb full_height=\u00a0\u00bbyes\u00a0\u00bb css=\u00a0\u00bb.vc_custom_1612991644967{margin-top: 50px !important;background-image: url(https:\/\/advancedhome.net\/wp-content\/uploads\/2021\/02\/Feature-3_LC-1203.jpg?id=1272) [&hellip;]<\/p>\n","protected":false},"author":1,"featured_media":0,"parent":0,"menu_order":0,"comment_status":"closed","ping_status":"closed","template":"template-home.php","meta":{"footnotes":""},"_links":{"self":[{"href":"https:\/\/advancedhome.net\/fr\/wp-json\/wp\/v2\/pages\/1336"}],"collection":[{"href":"https:\/\/advancedhome.net\/fr\/wp-json\/wp\/v2\/pages"}],"about":[{"href":"https:\/\/advancedhome.net\/fr\/wp-json\/wp\/v2\/types\/page"}],"author":[{"embeddable":true,"href":"https:\/\/advancedhome.net\/fr\/wp-json\/wp\/v2\/users\/1"}],"replies":[{"embeddable":true,"href":"https:\/\/advancedhome.net\/fr\/wp-json\/wp\/v2\/comments?post=1336"}],"version-history":[{"count":24,"href":"https:\/\/advancedhome.net\/fr\/wp-json\/wp\/v2\/pages\/1336\/revisions"}],"predecessor-version":[{"id":2816,"href":"https:\/\/advancedhome.net\/fr\/wp-json\/wp\/v2\/pages\/1336\/revisions\/2816"}],"wp:attachment":[{"href":"https:\/\/advancedhome.net\/fr\/wp-json\/wp\/v2\/media?parent=1336"}],"curies":[{"name":"wp","href":"https:\/\/api.w.org\/{rel}","templated":true}]}}