{"id":3205,"date":"2023-07-10T19:58:39","date_gmt":"2023-07-10T19:58:39","guid":{"rendered":"https:\/\/advancedhome.net\/?page_id=3205"},"modified":"2023-07-10T20:04:18","modified_gmt":"2023-07-10T20:04:18","slug":"portalampara-inteligente-lc-1362","status":"publish","type":"page","link":"https:\/\/advancedhome.net\/en\/portalampara-inteligente-lc-1362\/","title":{"rendered":"Alarma inteligente-duplicate-1"},"content":{"rendered":"<p><\/p>\n<p>[vc_row full_width=&#8221;stretch_row_content&#8221;][vc_column]<h1 \r\n\t        \t\t\t\tclass=\"section_title h1 animated   None\" \r\n\t        \t\t\t\tdata-delay=\"0.2s\"\r\n\t        \t\t\t\tstyle=\"color: #333333;\r\n\t\t\t\t\t\t\ttext-align: center;\r\n\t\t\t\t\t\t\tfont-weight: 500;\r\n\t\t\t\t\t\t\t\"\r\n\r\n\t        \t\t\t\t><\/p>\n<p style=\"text-align: center;\">Sistema de alarma inteligente inal\u00e1mbrica<\/p>\n<p><\/h1><h2 \r\n\t        \t\t\t\tclass=\"section_title h2 animated   None\" \r\n\t        \t\t\t\tdata-delay=\"0.2s\"\r\n\t        \t\t\t\tstyle=\"color: #109add;\r\n\t\t\t\t\t\t\ttext-align: center;\r\n\t\t\t\t\t\t\tfont-weight: 300;\r\n\t\t\t\t\t\t\t\"\r\n\r\n\t        \t\t\t\t><\/p>\n<p style=\"text-align: center;\">LA-543A<\/p>\n<p><\/h2><h3 \r\n\t        \t\t\t\tclass=\"section_title h3 animated   None\" \r\n\t        \t\t\t\tdata-delay=\"0.2s\"\r\n\t        \t\t\t\tstyle=\"color: #333333;\r\n\t\t\t\t\t\t\ttext-align: center;\r\n\t\t\t\t\t\t\tfont-weight: 400;\r\n\t\t\t\t\t\t\t\"\r\n\r\n\t        \t\t\t\t><\/p>\n<p style=\"text-align: center;\">\u00a1Est\u00e1s a un paso de hacer <strong>tu casa inteligente!<\/strong><\/p>\n<p><\/h3>[vc_row_inner equal_height=&#8221;yes&#8221;][vc_column_inner][vc_single_image image=&#8221;1774&#8243; img_size=&#8221;full&#8221; alignment=&#8221;center&#8221;][\/vc_column_inner][\/vc_row_inner][\/vc_column][\/vc_row][vc_row full_width=&#8221;stretch_row_content&#8221;][vc_column][vc_row_inner css=&#8221;.vc_custom_1633542274226{background-color: #000000 !important;}&#8221;][vc_column_inner]<h1 \r\n\t        \t\t\t\tclass=\"section_title h1 animated   None\" \r\n\t        \t\t\t\tdata-delay=\"0.2s\"\r\n\t        \t\t\t\tstyle=\"color: #ffffff;\r\n\t\t\t\t\t\t\ttext-align: center;\r\n\t\t\t\t\t\t\tfont-weight: 500;\r\n\t\t\t\t\t\t\t\"\r\n\r\n\t        \t\t\t\t><\/p>\n<p style=\"text-align: center;\">Mant\u00e9n tu hogar siempre protegido<\/p>\n<p><\/h1><h2 \r\n\t        \t\t\t\tclass=\"section_title h2 animated   None\" \r\n\t        \t\t\t\tdata-delay=\"0.2s\"\r\n\t        \t\t\t\tstyle=\"color: #109add;\r\n\t\t\t\t\t\t\ttext-align: center;\r\n\t\t\t\t\t\t\tfont-weight: 300;\r\n\t\t\t\t\t\t\t\"\r\n\r\n\t        \t\t\t\t><\/p>\n<p style=\"text-align: center;\">Gracias a su bater\u00eda de respaldo, a\u00fan con cortes de energ\u00eda el\u00e9ctrica<\/p>\n<p style=\"text-align: center;\">se seguir\u00e1 detonando la alarma<\/p>\n<p><\/h2>[\/vc_column_inner][\/vc_row_inner][vc_single_image image=&#8221;1770&#8243; img_size=&#8221;full&#8221; alignment=&#8221;center&#8221;][\/vc_column][\/vc_row][vc_row full_width=&#8221;stretch_row&#8221; css=&#8221;.vc_custom_1633535016815{background-color: #000000 !important;}&#8221;][vc_column]<div \r\n\t        \t\t\t\tclass=\"section_title  animated None\" \r\n\t        \t\t\t\tdata-delay=\"0.2s\"\r\n\t        \t\t\t\t>\r\n                        <div \r\n                        \tstyle=\"color: #ffffff;\r\n\t\t\t\t\t\t\tfont-size: 35px;\r\n\t\t\t\t\t\t\ttext-align: center;\r\n\t\t\t\t\t\t\tline-height: 35px;\r\n\t\t\t\t\t\t\tfont-weight: 400;\r\n\t\t\t\t\t\t\t\"\r\n                        ><p>Caracter\u00edsticas<\/p>\n<\/div><\/div>[vc_row_inner][vc_column_inner width=&#8221;1\/6&#8243;][\/vc_column_inner][vc_column_inner width=&#8221;1\/3&#8243;][vc_progress_bar values=&#8221;%5B%7B%22label%22%3A%22Ideal%20para%20Hogar%2C%20oficina%2C%20almac%C3%A9n%20o%20negocio%22%2C%22value%22%3A%22100%22%7D%2C%7B%22label%22%3A%22Arma%20y%20desarma%20con%20comandos%20de%20voz%20por%20medio%20de%20contrase%C3%B1a%22%2C%22value%22%3A%22100%22%7D%2C%7B%22label%22%3A%22Recibe%20notificaciones%20desde%20la%20App%22%2C%22value%22%3A%22100%22%7D%2C%7B%22label%22%3A%22Multiusuario%22%2C%22value%22%3A%22100%22%7D%2C%7B%22label%22%3A%22Notificaciones%20por%20bater%C3%ADa%20baja%22%2C%22value%22%3A%22100%22%7D%5D&#8221; bgcolor=&#8221;custom&#8221; css_animation=&#8221;fadeIn&#8221; custombgcolor=&#8221;#009ade&#8221; customtxtcolor=&#8221;#ffffff&#8221;][\/vc_column_inner][vc_column_inner width=&#8221;1\/3&#8243;][vc_progress_bar values=&#8221;%5B%7B%22label%22%3A%223%20opciones%20de%20activaci%C3%B3n%3A%20Control%20remoto%2C%20App%20o%20Comandos%20de%20voz%22%2C%22value%22%3A%22100%22%7D%2C%7B%22label%22%3A%22Soporta%20hasta%2024%20sensores%20y%2010%20controles%22%2C%22value%22%3A%22100%22%7D%2C%7B%22label%22%3A%22Sirena%20de%20100%20dB%22%2C%22value%22%3A%22100%22%7D%2C%7B%22label%22%3A%22Bater%C3%ADa%20de%20respaldo%22%2C%22value%22%3A%22100%22%7D%2C%7B%22label%22%3A%22Bot%C3%B3n%20de%20p%C3%A1nico%20para%20detonar%20la%20alarma%22%2C%22value%22%3A%22100%22%7D%5D&#8221; bgcolor=&#8221;custom&#8221; css_animation=&#8221;fadeIn&#8221; custombgcolor=&#8221;#009ade&#8221; customtxtcolor=&#8221;#ffffff&#8221;][\/vc_column_inner][vc_column_inner width=&#8221;1\/6&#8243;][\/vc_column_inner][\/vc_row_inner][\/vc_column][\/vc_row][vc_row content_placement=&#8221;middle&#8221;][vc_column][vc_images_carousel images=&#8221;1776,1777,1778,1779,1780&#8243; img_size=&#8221;full&#8221; autoplay=&#8221;yes&#8221; css=&#8221;.vc_custom_1633542125728{margin-left: 200px !important;}&#8221;][\/vc_column][\/vc_row][vc_row full_width=&#8221;stretch_row&#8221;][vc_column parallax=&#8221;content-moving&#8221;]<div \r\n\t        \t\t\t\tclass=\"section_title  animated None\" \r\n\t        \t\t\t\tdata-delay=\"0.2s\"\r\n\t        \t\t\t\t>\r\n                        <div \r\n                        \tstyle=\"color: #333333;\r\n\t\t\t\t\t\t\tfont-size: 35px;\r\n\t\t\t\t\t\t\ttext-align: center;\r\n\t\t\t\t\t\t\tline-height: 35px;\r\n\t\t\t\t\t\t\tfont-weight: 400;\r\n\t\t\t\t\t\t\t\"\r\n                        ><p>\u00bfNecesitas ayuda para la configuraci\u00f3n?<\/p>\n<\/div><\/div>[vc_empty_space][vc_tta_tour style=&#8221;modern&#8221; active_section=&#8221;1&#8243;][vc_tta_section i_icon_fontawesome=&#8221;fa fa-download&#8221; add_icon=&#8221;true&#8221; title=&#8221;Manual&#8221; tab_id=&#8221;1583781997523-07ea5bbe-b367&#8243;][vc_single_image image=&#8221;1768&#8243; img_size=&#8221;medium&#8221; alignment=&#8221;center&#8221; style=&#8221;vc_box_rounded&#8221;]<div style=\"text-align: center\"><a\r\n\t        \t\t\t\thref=\"https:\/\/advancedhome.net\/wp-content\/uploads\/2021\/10\/Manual-LA-543A.pdf\"\r\n\t        \t\t\t\tclass=\"home_btn default-btn animated  hvr-shutter-out-horizontal None\"\r\n\t        \t\t\t\tdata-delay=\"0s\"\r\n\t        \t\t\t\t>Descargar PDF <i class=\"false\"><\/i><\/a><\/div>[\/vc_tta_section][vc_tta_section i_icon_fontawesome=&#8221;fa fa-video-camera&#8221; add_icon=&#8221;true&#8221; title=&#8221;Video&#8221; tab_id=&#8221;1633541453956-8d81a236-59d1&#8243;][vc_video link=&#8221;https:\/\/youtu.be\/KlH3Zp4MyM0&#8243; align=&#8221;center&#8221;][\/vc_tta_section][\/vc_tta_tour][\/vc_column][\/vc_row][vc_row][vc_column]<h1 \r\n\t        \t\t\t\tclass=\"section_title h1 animated   None\" \r\n\t        \t\t\t\tdata-delay=\"0.2s\"\r\n\t        \t\t\t\tstyle=\"color: #009ade;\r\n\t\t\t\t\t\t\ttext-align: center;\r\n\t\t\t\t\t\t\tfont-weight: 500;\r\n\t\t\t\t\t\t\t\"\r\n\r\n\t        \t\t\t\t><\/p>\n<p style=\"text-align: center;\">Descarga la App<\/p>\n<p><\/h1>[vc_row_inner][vc_column_inner width=&#8221;1\/2&#8243;][vc_single_image image=&#8221;1760&#8243; img_size=&#8221;full&#8221; alignment=&#8221;center&#8221; onclick=&#8221;custom_link&#8221; img_link_target=&#8221;_blank&#8221; link=&#8221;https:\/\/play.google.com\/store\/apps\/details?id=com.tuya.smart&#038;hl=es_MX&#8221;][\/vc_column_inner][vc_column_inner width=&#8221;1\/2&#8243;][vc_single_image image=&#8221;1759&#8243; img_size=&#8221;full&#8221; alignment=&#8221;center&#8221; onclick=&#8221;custom_link&#8221; img_link_target=&#8221;_blank&#8221; link=&#8221;https:\/\/apps.apple.com\/co\/app\/tuya-smart\/id1034649547&#8243;][\/vc_column_inner][\/vc_row_inner][\/vc_column][\/vc_row][vc_row full_width=&#8221;stretch_row&#8221; content_placement=&#8221;middle&#8221; css=&#8221;.vc_custom_1581972562619{background-color: #009cde !important;}&#8221;][vc_column width=&#8221;1\/4&#8243; offset=&#8221;vc_hidden-sm vc_hidden-xs&#8221;][vc_single_image image=&#8221;64&#8243; img_size=&#8221;full&#8221; alignment=&#8221;right&#8221; el_class=&#8221;version-video-row&#8221;][\/vc_column][vc_column width=&#8221;3\/4&#8243; offset=&#8221;vc_hidden-sm vc_hidden-xs&#8221;]<h3 \r\n\t        \t\t\t\tclass=\"section_title h3 animated   None\" \r\n\t        \t\t\t\tdata-delay=\"0.2s\"\r\n\t        \t\t\t\tstyle=\"color: #ffffff;\r\n\t\t\t\t\t\t\ttext-align: center;\r\n\t\t\t\t\t\t\tfont-weight: 300;\r\n\t\t\t\t\t\t\t\"\r\n\r\n\t        \t\t\t\t>Est\u00e1s a un paso de hacer <strong>tu casa inteligente<\/strong><\/h3>[vc_empty_space][\/vc_column][\/vc_row][vc_row full_width=&#8221;stretch_row&#8221; content_placement=&#8221;middle&#8221; css=&#8221;.vc_custom_1581972562619{background-color: #009cde !important;}&#8221;][vc_column width=&#8221;1\/4&#8243; offset=&#8221;vc_hidden-lg vc_hidden-md vc_col-xs-4&#8243;][vc_single_image image=&#8221;61&#8243; img_size=&#8221;full&#8221; alignment=&#8221;right&#8221; el_class=&#8221;version-video-row&#8221;][\/vc_column][vc_column width=&#8221;3\/4&#8243; offset=&#8221;vc_hidden-lg vc_hidden-md vc_col-xs-8&#8243;]<h3 \r\n\t        \t\t\t\tclass=\"section_title h3 animated   None\" \r\n\t        \t\t\t\tdata-delay=\"0.2s\"\r\n\t        \t\t\t\tstyle=\"color: #ffffff;\r\n\t\t\t\t\t\t\ttext-align: left;\r\n\t\t\t\t\t\t\tfont-weight: 300;\r\n\t\t\t\t\t\t\t\"\r\n\r\n\t        \t\t\t\t>Est\u00e1s a un paso de hacer <strong>tu casa inteligente<\/strong><\/h3>[vc_empty_space][\/vc_column][\/vc_row]<\/p>\n<p><\/p>","protected":false},"excerpt":{"rendered":"<p>[vc_row full_width=&#8221;stretch_row_content&#8221;][vc_column][vc_row_inner equal_height=&#8221;yes&#8221;][vc_column_inner][vc_single_image image=&#8221;1774&#8243; img_size=&#8221;full&#8221; alignment=&#8221;center&#8221;][\/vc_column_inner][\/vc_row_inner][\/vc_column][\/vc_row][vc_row full_width=&#8221;stretch_row_content&#8221;][vc_column][vc_row_inner css=&#8221;.vc_custom_1633542274226{background-color: #000000 !important;}&#8221;][vc_column_inner][\/vc_column_inner][\/vc_row_inner][vc_single_image image=&#8221;1770&#8243; img_size=&#8221;full&#8221; alignment=&#8221;center&#8221;][\/vc_column][\/vc_row][vc_row full_width=&#8221;stretch_row&#8221; css=&#8221;.vc_custom_1633535016815{background-color: #000000 !important;}&#8221;][vc_column][vc_row_inner][vc_column_inner width=&#8221;1\/6&#8243;][\/vc_column_inner][vc_column_inner width=&#8221;1\/3&#8243;][vc_progress_bar values=&#8221;%5B%7B%22label%22%3A%22Ideal%20para%20Hogar%2C%20oficina%2C%20almac%C3%A9n%20o%20negocio%22%2C%22value%22%3A%22100%22%7D%2C%7B%22label%22%3A%22Arma%20y%20desarma%20con%20comandos%20de%20voz%20por%20medio%20de%20contrase%C3%B1a%22%2C%22value%22%3A%22100%22%7D%2C%7B%22label%22%3A%22Recibe%20notificaciones%20desde%20la%20App%22%2C%22value%22%3A%22100%22%7D%2C%7B%22label%22%3A%22Multiusuario%22%2C%22value%22%3A%22100%22%7D%2C%7B%22label%22%3A%22Notificaciones%20por%20bater%C3%ADa%20baja%22%2C%22value%22%3A%22100%22%7D%5D&#8221; bgcolor=&#8221;custom&#8221; css_animation=&#8221;fadeIn&#8221; custombgcolor=&#8221;#009ade&#8221; customtxtcolor=&#8221;#ffffff&#8221;][\/vc_column_inner][vc_column_inner width=&#8221;1\/3&#8243;][vc_progress_bar values=&#8221;%5B%7B%22label%22%3A%223%20opciones%20de%20activaci%C3%B3n%3A%20Control%20remoto%2C%20App%20o%20Comandos%20de%20voz%22%2C%22value%22%3A%22100%22%7D%2C%7B%22label%22%3A%22Soporta%20hasta%2024%20sensores%20y%2010%20controles%22%2C%22value%22%3A%22100%22%7D%2C%7B%22label%22%3A%22Sirena%20de%20100%20dB%22%2C%22value%22%3A%22100%22%7D%2C%7B%22label%22%3A%22Bater%C3%ADa%20de%20respaldo%22%2C%22value%22%3A%22100%22%7D%2C%7B%22label%22%3A%22Bot%C3%B3n%20de%20p%C3%A1nico%20para%20detonar%20la%20alarma%22%2C%22value%22%3A%22100%22%7D%5D&#8221; bgcolor=&#8221;custom&#8221; css_animation=&#8221;fadeIn&#8221; custombgcolor=&#8221;#009ade&#8221; customtxtcolor=&#8221;#ffffff&#8221;][\/vc_column_inner][vc_column_inner width=&#8221;1\/6&#8243;][\/vc_column_inner][\/vc_row_inner][\/vc_column][\/vc_row][vc_row content_placement=&#8221;middle&#8221;][vc_column][vc_images_carousel images=&#8221;1776,1777,1778,1779,1780&#8243; img_size=&#8221;full&#8221; autoplay=&#8221;yes&#8221; css=&#8221;.vc_custom_1633542125728{margin-left: 200px !important;}&#8221;][\/vc_column][\/vc_row][vc_row full_width=&#8221;stretch_row&#8221;][vc_column parallax=&#8221;content-moving&#8221;][vc_empty_space][vc_tta_tour style=&#8221;modern&#8221; active_section=&#8221;1&#8243;][vc_tta_section i_icon_fontawesome=&#8221;fa fa-download&#8221; add_icon=&#8221;true&#8221; title=&#8221;Manual&#8221; tab_id=&#8221;1583781997523-07ea5bbe-b367&#8243;][vc_single_image image=&#8221;1768&#8243; img_size=&#8221;medium&#8221; alignment=&#8221;center&#8221; style=&#8221;vc_box_rounded&#8221;][\/vc_tta_section][vc_tta_section i_icon_fontawesome=&#8221;fa fa-video-camera&#8221; add_icon=&#8221;true&#8221; title=&#8221;Video&#8221; [&hellip;]<\/p>\n","protected":false},"author":1,"featured_media":0,"parent":0,"menu_order":0,"comment_status":"closed","ping_status":"closed","template":"template-home.php","meta":{"footnotes":""},"_links":{"self":[{"href":"https:\/\/advancedhome.net\/en\/wp-json\/wp\/v2\/pages\/3205"}],"collection":[{"href":"https:\/\/advancedhome.net\/en\/wp-json\/wp\/v2\/pages"}],"about":[{"href":"https:\/\/advancedhome.net\/en\/wp-json\/wp\/v2\/types\/page"}],"author":[{"embeddable":true,"href":"https:\/\/advancedhome.net\/en\/wp-json\/wp\/v2\/users\/1"}],"replies":[{"embeddable":true,"href":"https:\/\/advancedhome.net\/en\/wp-json\/wp\/v2\/comments?post=3205"}],"version-history":[{"count":8,"href":"https:\/\/advancedhome.net\/en\/wp-json\/wp\/v2\/pages\/3205\/revisions"}],"predecessor-version":[{"id":3222,"href":"https:\/\/advancedhome.net\/en\/wp-json\/wp\/v2\/pages\/3205\/revisions\/3222"}],"wp:attachment":[{"href":"https:\/\/advancedhome.net\/en\/wp-json\/wp\/v2\/media?parent=3205"}],"curies":[{"name":"wp","href":"https:\/\/api.w.org\/{rel}","templated":true}]}}