{"id":1336,"date":"2021-02-10T21:16:36","date_gmt":"2021-02-10T21:16:36","guid":{"rendered":"https:\/\/advancedhome.net\/?page_id=1336"},"modified":"2022-03-23T22:19:52","modified_gmt":"2022-03-23T22:19:52","slug":"interruptor-inteligente-lc-1268","status":"publish","type":"page","link":"https:\/\/advancedhome.net\/en\/interruptor-inteligente-lc-1268\/","title":{"rendered":"Interruptor inteligente"},"content":{"rendered":"<p>[\/vc_column_text][\/vc_column][\/vc_row][vc_row full_width=&#8221;stretch_row_content&#8221; full_height=&#8221;yes&#8221; css=&#8221;.vc_custom_1614109815601{background-image: url(https:\/\/advancedhome.net\/wp-content\/uploads\/2021\/02\/Cabecera_1267-1.jpg?id=1346) !important;background-position: center !important;background-repeat: no-repeat !important;background-size: contain !important;}&#8221;][vc_column width=&#8221;1\/2&#8243;][\/vc_column][vc_column width=&#8221;1\/2&#8243;]<h1 \r\n\t        \t\t\t\tclass=\"section_title h1 animated   None\" \r\n\t        \t\t\t\tdata-delay=\"0.2s\"\r\n\t        \t\t\t\tstyle=\"color: #333333;\r\n\t\t\t\t\t\t\ttext-align: center;\r\n\t\t\t\t\t\t\tfont-weight: 500;\r\n\t\t\t\t\t\t\t\"\r\n\r\n\t        \t\t\t\t><\/p>\n<h1><strong><span style=\"color: #ffffff;\">Interruptor <span style=\"color: #019cde;\">inteligente<\/span><\/span><\/strong><\/h1>\n<p><\/h1>[vc_empty_space height=&#8221;30px&#8221;]<h1 \r\n\t        \t\t\t\tclass=\"section_title h1 animated   None\" \r\n\t        \t\t\t\tdata-delay=\"0.2s\"\r\n\t        \t\t\t\tstyle=\"color: #333333;\r\n\t\t\t\t\t\t\ttext-align: center;\r\n\t\t\t\t\t\t\tfont-weight: 500;\r\n\t\t\t\t\t\t\t\"\r\n\r\n\t        \t\t\t\t><\/p>\n<h3><span style=\"color: #ffffff;\">Est\u00e1s a un paso de hacer<\/span><\/h3>\n<h3><span style=\"color: #ffffff;\">tu casa inteligente<\/span><\/h3>\n<p><\/h1>[\/vc_column][\/vc_row][vc_row full_width=&#8221;stretch_row&#8221; css=&#8221;.vc_custom_1612902016008{margin-top: 50px !important;background-color: #000000 !important;}&#8221;][vc_column]<h1 \r\n\t        \t\t\t\tclass=\"section_title h1 animated   None\" \r\n\t        \t\t\t\tdata-delay=\"0.2s\"\r\n\t        \t\t\t\tstyle=\"color: #333333;\r\n\t\t\t\t\t\t\ttext-align: center;\r\n\t\t\t\t\t\t\tfont-weight: 500;\r\n\t\t\t\t\t\t\t\"\r\n\r\n\t        \t\t\t\t><\/p>\n<h2 style=\"text-align: center;\"><span style=\"color: #ffffff;\"><span style=\"color: #ffffff;\">Tu hogar tu decides<\/span><\/span><\/h2>\n<h3 class=\"p1\" style=\"text-align: center;\"><span style=\"color: #ffffff;\">Programa horarios de encendido o apagado desde la App. Por ejemplo, puedes decidir que las luces de tu casa se enciendan al anochecer y se apaguen al amanecer<\/span><\/h3>\n<p><\/h1>[\/vc_column][\/vc_row][vc_row full_width=&#8221;stretch_row&#8221; full_height=&#8221;yes&#8221; css=&#8221;.vc_custom_1612901701713{background-image: url(https:\/\/advancedhome.net\/wp-content\/uploads\/2021\/02\/Feature-1_LC-1203.jpg?id=1231) !important;background-position: center !important;background-repeat: no-repeat !important;background-size: cover !important;}&#8221;][vc_column][\/vc_column][\/vc_row][vc_row full_width=&#8221;stretch_row&#8221; full_height=&#8221;yes&#8221; css=&#8221;.vc_custom_1612993707736{margin-top: 50px !important;background-image: url(https:\/\/advancedhome.net\/wp-content\/uploads\/2021\/02\/Feature-2_LC-1203-1.jpg?id=1347) !important;background-position: center !important;background-repeat: no-repeat !important;background-size: cover !important;}&#8221;][vc_column width=&#8221;1\/2&#8243;][vc_empty_space height=&#8221;130px&#8221;]<h1 \r\n\t        \t\t\t\tclass=\"section_title h1 animated   None\" \r\n\t        \t\t\t\tdata-delay=\"0.2s\"\r\n\t        \t\t\t\tstyle=\"color: #333333;\r\n\t\t\t\t\t\t\ttext-align: center;\r\n\t\t\t\t\t\t\tfont-weight: 500;\r\n\t\t\t\t\t\t\t\"\r\n\r\n\t        \t\t\t\t><\/p>\n<h1><span style=\"color: #000000;\">Dise\u00f1o para tu hogar<\/span><\/h1>\n<p><\/h1>[vc_empty_space height=&#8221;10px&#8221;]<div \r\n\t        \t\t\t\tclass=\"section_title  animated None\" \r\n\t        \t\t\t\tdata-delay=\"0.2s\"\r\n\t        \t\t\t\t>\r\n                        <div \r\n                        \tstyle=\"color: #000000;\r\n\t\t\t\t\t\t\tfont-size: 25px;\r\n\t\t\t\t\t\t\ttext-align: left;\r\n\t\t\t\t\t\t\tline-height: 26px;\r\n\t\t\t\t\t\t\tfont-weight: 400;\r\n\t\t\t\t\t\t\t\"\r\n                        ><p>Cuenta con acabados en vidrio templado y<br \/>\nbotones touch con LED indicador que le dan<br \/>\nun toque de modernidad a tu hogar<\/p>\n<\/div><\/div>[\/vc_column][vc_column width=&#8221;1\/2&#8243;][\/vc_column][\/vc_row][vc_row full_width=&#8221;stretch_row_content&#8221; full_height=&#8221;yes&#8221; css=&#8221;.vc_custom_1612991644967{margin-top: 50px !important;background-image: url(https:\/\/advancedhome.net\/wp-content\/uploads\/2021\/02\/Feature-3_LC-1203.jpg?id=1272) !important;background-position: center !important;background-repeat: no-repeat !important;background-size: cover !important;}&#8221;][vc_column width=&#8221;1\/2&#8243;][\/vc_column][vc_column width=&#8221;1\/2&#8243; css=&#8221;.vc_custom_1612903502643{margin-left: 50px !important;}&#8221;]<h1 \r\n\t        \t\t\t\tclass=\"section_title h1 animated   None\" \r\n\t        \t\t\t\tdata-delay=\"0.2s\"\r\n\t        \t\t\t\tstyle=\"color: #333333;\r\n\t\t\t\t\t\t\ttext-align: center;\r\n\t\t\t\t\t\t\tfont-weight: 500;\r\n\t\t\t\t\t\t\t\"\r\n\r\n\t        \t\t\t\t><\/p>\n<h1 class=\"p1\" style=\"text-align: center;\"><span style=\"color: #ffffff;\">Crea rutinas que <\/span><span style=\"color: #ffffff;\">se ejecutan autom\u00e1ticamente<\/span><\/h1>\n<p><\/h1>[vc_empty_space height=&#8221;10px&#8221;]<div \r\n\t        \t\t\t\tclass=\"section_title  animated None\" \r\n\t        \t\t\t\tdata-delay=\"0.2s\"\r\n\t        \t\t\t\t>\r\n                        <div \r\n                        \tstyle=\"color: #ffffff;\r\n\t\t\t\t\t\t\tfont-size: 25px;\r\n\t\t\t\t\t\t\ttext-align: center;\r\n\t\t\t\t\t\t\tline-height: 26px;\r\n\t\t\t\t\t\t\tfont-weight: 400;\r\n\t\t\t\t\t\t\t\"\r\n                        ><p>Automatiza tu hogar creando<br \/>\ngrupos de interruptores y<br \/>\nhaz m\u00e1s f\u00e1cil tu d\u00eda a d\u00eda<\/p>\n<p>Programa diferentes rutinas y personal\u00edzalas<br \/>\nde acuerdo a tus necesidades<\/p>\n<\/div><\/div>[\/vc_column][\/vc_row][vc_row full_width=&#8221;stretch_row&#8221; css=&#8221;.vc_custom_1612902016008{margin-top: 50px !important;background-color: #000000 !important;}&#8221;][vc_column]<h1 \r\n\t        \t\t\t\tclass=\"section_title h1 animated   None\" \r\n\t        \t\t\t\tdata-delay=\"0.2s\"\r\n\t        \t\t\t\tstyle=\"color: #333333;\r\n\t\t\t\t\t\t\ttext-align: center;\r\n\t\t\t\t\t\t\tfont-weight: 500;\r\n\t\t\t\t\t\t\t\"\r\n\r\n\t        \t\t\t\t><\/p>\n<h2 style=\"text-align: center;\"><span style=\"color: #ffffff;\"><span style=\"color: #ffffff;\">Alta compatibilidad<\/span><\/span><\/h2>\n<h3 class=\"p1\" style=\"text-align: center;\"><span style=\"color: #ffffff;\">Controla los apagadores de manera individual o grupalmente desde tu Smartphone o por comandos de voz con los asistentes de Google o Alexa<\/span><\/h3>\n<p><\/h1>[\/vc_column][\/vc_row][vc_row full_width=&#8221;stretch_row&#8221; full_height=&#8221;yes&#8221; css=&#8221;.vc_custom_1612903741282{background-image: url(https:\/\/advancedhome.net\/wp-content\/uploads\/2021\/02\/Feature-4_LC-1203.jpg?id=1285) !important;background-position: center !important;background-repeat: no-repeat !important;background-size: cover !important;}&#8221;][vc_column][\/vc_column][\/vc_row][vc_row full_width=&#8221;stretch_row&#8221; full_height=&#8221;yes&#8221; css=&#8221;.vc_custom_1612909598160{background-position: center !important;background-repeat: no-repeat !important;background-size: cover !important;}&#8221;][vc_column width=&#8221;1\/4&#8243;][\/vc_column][vc_column width=&#8221;1\/2&#8243;][vc_gallery interval=&#8221;3&#8243; images=&#8221;1338,1339,1340,1341,1342,1343,1344&#8243; img_size=&#8221;500&#215;500&#8243;][\/vc_column][vc_column width=&#8221;1\/4&#8243;][\/vc_column][\/vc_row][vc_row full_width=&#8221;stretch_row&#8221; css=&#8221;.vc_custom_1612911018903{background-position: center !important;background-repeat: no-repeat !important;background-size: cover !important;}&#8221;][vc_column][vc_separator color=&#8221;black&#8221; border_width=&#8221;5&#8243;]<h1 \r\n\t        \t\t\t\tclass=\"section_title h1 animated   None\" \r\n\t        \t\t\t\tdata-delay=\"0.2s\"\r\n\t        \t\t\t\tstyle=\"color: #333333;\r\n\t\t\t\t\t\t\ttext-align: center;\r\n\t\t\t\t\t\t\tfont-weight: 500;\r\n\t\t\t\t\t\t\t\"\r\n\r\n\t        \t\t\t\t><\/p>\n<h1 style=\"text-align: center;\">Caracter\u00edsticas<\/h1>\n<p><\/h1>[\/vc_column][vc_column width=&#8221;1\/6&#8243;][vc_single_image image=&#8221;1323&#8243; img_size=&#8221;full&#8221; alignment=&#8221;center&#8221;][\/vc_column][vc_column width=&#8221;2\/6&#8243;]<div \r\n\t        \t\t\t\tclass=\"single_feature wow None\" \r\n\t        \t\t\t\tdata-wow-delay=\"0.2s\"\r\n\t        \t\t\t\tdata-wow-duration=\"1s\"\r\n\t        \t\t\t>\r\n                        <div class=\"sf_inner\">\r\n                            <h4>No requiere HUB<\/h4>\r\n                            \r\n                        <\/div>\r\n                    <\/div><div \r\n\t        \t\t\t\tclass=\"single_feature wow None\" \r\n\t        \t\t\t\tdata-wow-delay=\"0.2s\"\r\n\t        \t\t\t\tdata-wow-duration=\"1s\"\r\n\t        \t\t\t>\r\n                        <div class=\"sf_inner\">\r\n                            <h4>F\u00e1cil de configurar<\/h4>\r\n                            \r\n                        <\/div>\r\n                    <\/div><div \r\n\t        \t\t\t\tclass=\"single_feature wow None\" \r\n\t        \t\t\t\tdata-wow-delay=\"0.2s\"\r\n\t        \t\t\t\tdata-wow-duration=\"1s\"\r\n\t        \t\t\t>\r\n                        <div class=\"sf_inner\">\r\n                            <h4>M\u00faltiples usuarios<\/h4>\r\n                            \r\n                        <\/div>\r\n                    <\/div><div \r\n\t        \t\t\t\tclass=\"single_feature wow None\" \r\n\t        \t\t\t\tdata-wow-delay=\"0.2s\"\r\n\t        \t\t\t\tdata-wow-duration=\"1s\"\r\n\t        \t\t\t>\r\n                        <div class=\"sf_inner\">\r\n                            <h4>Crea grupos de interruptores<\/h4>\r\n                            \r\n                        <\/div>\r\n                    <\/div>[\/vc_column][vc_column width=&#8221;2\/6&#8243;]<div \r\n\t        \t\t\t\tclass=\"single_feature wow None\" \r\n\t        \t\t\t\tdata-wow-delay=\"0.2s\"\r\n\t        \t\t\t\tdata-wow-duration=\"1s\"\r\n\t        \t\t\t>\r\n                        <div class=\"sf_inner\">\r\n                            <h4>Controla individual o grupalmente los apagadores<\/h4>\r\n                            \r\n                        <\/div>\r\n                    <\/div><div \r\n\t        \t\t\t\tclass=\"single_feature wow None\" \r\n\t        \t\t\t\tdata-wow-delay=\"0.2s\"\r\n\t        \t\t\t\tdata-wow-duration=\"1s\"\r\n\t        \t\t\t>\r\n                        <div class=\"sf_inner\">\r\n                            <h4>Programa horarios de encendido y apagado<\/h4>\r\n                            \r\n                        <\/div>\r\n                    <\/div><div \r\n\t        \t\t\t\tclass=\"single_feature wow None\" \r\n\t        \t\t\t\tdata-wow-delay=\"0.2s\"\r\n\t        \t\t\t\tdata-wow-duration=\"1s\"\r\n\t        \t\t\t>\r\n                        <div class=\"sf_inner\">\r\n                            <h4>Acabado de vidrio templado<\/h4>\r\n                            \r\n                        <\/div>\r\n                    <\/div><div \r\n\t        \t\t\t\tclass=\"single_feature wow None\" \r\n\t        \t\t\t\tdata-wow-delay=\"0.2s\"\r\n\t        \t\t\t\tdata-wow-duration=\"1s\"\r\n\t        \t\t\t>\r\n                        <div class=\"sf_inner\">\r\n                            <h4>Botones touch con LED indicador de encendido<\/h4>\r\n                            \r\n                        <\/div>\r\n                    <\/div>[\/vc_column][vc_column width=&#8221;1\/6&#8243;][\/vc_column][vc_column][vc_separator color=&#8221;black&#8221; border_width=&#8221;5&#8243;][\/vc_column][\/vc_row][vc_row full_width=&#8221;stretch_row&#8221;][vc_column parallax=&#8221;content-moving&#8221;]<div \r\n\t        \t\t\t\tclass=\"section_title  animated None\" \r\n\t        \t\t\t\tdata-delay=\"0.2s\"\r\n\t        \t\t\t\t>\r\n                        <div \r\n                        \tstyle=\"color: #333333;\r\n\t\t\t\t\t\t\tfont-size: 35px;\r\n\t\t\t\t\t\t\ttext-align: center;\r\n\t\t\t\t\t\t\tline-height: 35px;\r\n\t\t\t\t\t\t\tfont-weight: 400;\r\n\t\t\t\t\t\t\t\"\r\n                        ><p>\u00bfNecesitas ayuda para la configuraci\u00f3n?<\/p>\n<\/div><\/div>[vc_empty_space][vc_tta_tour style=&#8221;modern&#8221; active_section=&#8221;1&#8243;][vc_tta_section i_icon_fontawesome=&#8221;fa fa-film&#8221; add_icon=&#8221;true&#8221; title=&#8221;Ver tutorial&#8221; tab_id=&#8221;1583781997491-4ff81749-4fc535ec-ae4c&#8221;][vc_video link=&#8221;https:\/\/youtu.be\/un84xG8Bxfg&#8221;][\/vc_tta_section][vc_tta_section i_icon_fontawesome=&#8221;fa fa-download&#8221; add_icon=&#8221;true&#8221; title=&#8221;Manual&#8221; tab_id=&#8221;1583781997523-07ea5bbe-b36735ec-ae4c&#8221;][vc_single_image image=&#8221;1349&#8243; img_size=&#8221;medium&#8221; alignment=&#8221;center&#8221; style=&#8221;vc_box_rounded&#8221;]<div style=\"text-align: center\"><a\r\n\t        \t\t\t\thref=\"https:\/\/advancedhome.net\/wp-content\/uploads\/2021\/02\/Manual-LC-1268.pdf\"\r\n\t        \t\t\t\tclass=\"home_btn default-btn animated  hvr-shutter-out-horizontal None\"\r\n\t        \t\t\t\tdata-delay=\"0s\"\r\n\t        \t\t\t\t>Descargar PDF <i class=\"false\"><\/i><\/a><\/div>[\/vc_tta_section][\/vc_tta_tour][\/vc_column][\/vc_row][vc_row full_width=&#8221;stretch_row&#8221; content_placement=&#8221;middle&#8221; css=&#8221;.vc_custom_1581972562619{background-color: #009cde !important;}&#8221;][vc_column width=&#8221;1\/4&#8243; offset=&#8221;vc_hidden-sm vc_hidden-xs&#8221;][vc_single_image image=&#8221;64&#8243; img_size=&#8221;full&#8221; alignment=&#8221;right&#8221; el_class=&#8221;version-video-row&#8221;][\/vc_column][vc_column width=&#8221;3\/4&#8243; offset=&#8221;vc_hidden-sm vc_hidden-xs&#8221;]<h3 \r\n\t        \t\t\t\tclass=\"section_title h3 animated   None\" \r\n\t        \t\t\t\tdata-delay=\"0.2s\"\r\n\t        \t\t\t\tstyle=\"color: #ffffff;\r\n\t\t\t\t\t\t\ttext-align: center;\r\n\t\t\t\t\t\t\tfont-weight: 300;\r\n\t\t\t\t\t\t\t\"\r\n\r\n\t        \t\t\t\t>Est\u00e1s a un paso de hacer <strong>tu casa inteligente<\/strong><\/h3>[vc_empty_space][\/vc_column][\/vc_row][vc_row full_width=&#8221;stretch_row&#8221; content_placement=&#8221;middle&#8221; css=&#8221;.vc_custom_1581972562619{background-color: #009cde !important;}&#8221;][vc_column width=&#8221;1\/4&#8243; offset=&#8221;vc_hidden-lg vc_hidden-md vc_col-xs-4&#8243;][vc_single_image image=&#8221;61&#8243; img_size=&#8221;full&#8221; alignment=&#8221;right&#8221; el_class=&#8221;version-video-row&#8221;][\/vc_column][vc_column width=&#8221;3\/4&#8243; offset=&#8221;vc_hidden-lg vc_hidden-md vc_col-xs-8&#8243;]<h3 \r\n\t        \t\t\t\tclass=\"section_title h3 animated   None\" \r\n\t        \t\t\t\tdata-delay=\"0.2s\"\r\n\t        \t\t\t\tstyle=\"color: #ffffff;\r\n\t\t\t\t\t\t\ttext-align: left;\r\n\t\t\t\t\t\t\tfont-weight: 300;\r\n\t\t\t\t\t\t\t\"\r\n\r\n\t        \t\t\t\t>Est\u00e1s a un paso de hacer <strong>tu casa inteligente<\/strong><\/h3>[vc_empty_space][\/vc_column][\/vc_row]<\/p>","protected":false},"excerpt":{"rendered":"<p>[\/vc_column_text][\/vc_column][\/vc_row][vc_row full_width=&#8221;stretch_row_content&#8221; full_height=&#8221;yes&#8221; css=&#8221;.vc_custom_1614109815601{background-image: url(https:\/\/advancedhome.net\/wp-content\/uploads\/2021\/02\/Cabecera_1267-1.jpg?id=1346) !important;background-position: center !important;background-repeat: no-repeat !important;background-size: contain !important;}&#8221;][vc_column width=&#8221;1\/2&#8243;][\/vc_column][vc_column width=&#8221;1\/2&#8243;][vc_empty_space height=&#8221;30px&#8221;][\/vc_column][\/vc_row][vc_row full_width=&#8221;stretch_row&#8221; css=&#8221;.vc_custom_1612902016008{margin-top: 50px !important;background-color: #000000 !important;}&#8221;][vc_column][\/vc_column][\/vc_row][vc_row full_width=&#8221;stretch_row&#8221; full_height=&#8221;yes&#8221; css=&#8221;.vc_custom_1612901701713{background-image: url(https:\/\/advancedhome.net\/wp-content\/uploads\/2021\/02\/Feature-1_LC-1203.jpg?id=1231) !important;background-position: center !important;background-repeat: no-repeat !important;background-size: cover !important;}&#8221;][vc_column][\/vc_column][\/vc_row][vc_row full_width=&#8221;stretch_row&#8221; full_height=&#8221;yes&#8221; css=&#8221;.vc_custom_1612993707736{margin-top: 50px !important;background-image: url(https:\/\/advancedhome.net\/wp-content\/uploads\/2021\/02\/Feature-2_LC-1203-1.jpg?id=1347) !important;background-position: center !important;background-repeat: no-repeat !important;background-size: cover !important;}&#8221;][vc_column width=&#8221;1\/2&#8243;][vc_empty_space height=&#8221;130px&#8221;][vc_empty_space height=&#8221;10px&#8221;][\/vc_column][vc_column width=&#8221;1\/2&#8243;][\/vc_column][\/vc_row][vc_row full_width=&#8221;stretch_row_content&#8221; full_height=&#8221;yes&#8221; css=&#8221;.vc_custom_1612991644967{margin-top: 50px !important;background-image: url(https:\/\/advancedhome.net\/wp-content\/uploads\/2021\/02\/Feature-3_LC-1203.jpg?id=1272) [&hellip;]<\/p>\n","protected":false},"author":1,"featured_media":0,"parent":0,"menu_order":0,"comment_status":"closed","ping_status":"closed","template":"template-home.php","meta":{"footnotes":""},"_links":{"self":[{"href":"https:\/\/advancedhome.net\/en\/wp-json\/wp\/v2\/pages\/1336"}],"collection":[{"href":"https:\/\/advancedhome.net\/en\/wp-json\/wp\/v2\/pages"}],"about":[{"href":"https:\/\/advancedhome.net\/en\/wp-json\/wp\/v2\/types\/page"}],"author":[{"embeddable":true,"href":"https:\/\/advancedhome.net\/en\/wp-json\/wp\/v2\/users\/1"}],"replies":[{"embeddable":true,"href":"https:\/\/advancedhome.net\/en\/wp-json\/wp\/v2\/comments?post=1336"}],"version-history":[{"count":24,"href":"https:\/\/advancedhome.net\/en\/wp-json\/wp\/v2\/pages\/1336\/revisions"}],"predecessor-version":[{"id":2816,"href":"https:\/\/advancedhome.net\/en\/wp-json\/wp\/v2\/pages\/1336\/revisions\/2816"}],"wp:attachment":[{"href":"https:\/\/advancedhome.net\/en\/wp-json\/wp\/v2\/media?parent=1336"}],"curies":[{"name":"wp","href":"https:\/\/api.w.org\/{rel}","templated":true}]}}